{"id":787,"date":"2018-10-08T13:21:22","date_gmt":"2018-10-08T11:21:22","guid":{"rendered":"http:\/\/www.fildeariane.com\/?page_id=787"},"modified":"2021-01-27T16:53:19","modified_gmt":"2021-01-27T15:53:19","slug":"politica-de-privacidad","status":"publish","type":"page","link":"https:\/\/www.fildeariane.com\/es\/politica-de-privacidad\/","title":{"rendered":"Pol\u00edtica de Privacidad"},"content":{"rendered":"\t\t<div data-elementor-type=\"wp-post\" data-elementor-id=\"787\" class=\"elementor elementor-787 elementor-786\" data-elementor-post-type=\"page\">\n\t\t\t\t\t\t<section class=\"elementor-section elementor-top-section elementor-element elementor-element-00da46c elementor-section-boxed elementor-section-height-default elementor-section-height-default\" data-id=\"00da46c\" data-element_type=\"section\" data-e-type=\"section\" data-settings=\"{&quot;background_background&quot;:&quot;classic&quot;}\">\n\t\t\t\t\t\t\t<div class=\"elementor-background-overlay\"><\/div>\n\t\t\t\t\t\t\t<div class=\"elementor-container elementor-column-gap-default\">\n\t\t\t\t\t<div class=\"elementor-column elementor-col-100 elementor-top-column elementor-element elementor-element-3e5482c\" data-id=\"3e5482c\" data-element_type=\"column\" data-e-type=\"column\">\n\t\t\t<div class=\"elementor-widget-wrap elementor-element-populated\">\n\t\t\t\t\t\t<div class=\"elementor-element elementor-element-f56edb7 elementor-widget elementor-widget-heading\" data-id=\"f56edb7\" data-element_type=\"widget\" data-e-type=\"widget\" data-widget_type=\"heading.default\">\n\t\t\t\t<div class=\"elementor-widget-container\">\n\t\t\t\t\t<h2 class=\"elementor-heading-title elementor-size-default\">POL\u00cdTICA DE PRIVACIDAD<\/h2>\t\t\t\t<\/div>\n\t\t\t\t<\/div>\n\t\t\t\t<div class=\"elementor-element elementor-element-cee3b19 elementor-widget elementor-widget-text-editor\" data-id=\"cee3b19\" data-element_type=\"widget\" data-e-type=\"widget\" data-widget_type=\"text-editor.default\">\n\t\t\t\t<div class=\"elementor-widget-container\">\n\t\t\t\t\t\t\t\t\t<div>\n<div>\n<p>La seg\u00fcent informaci\u00f3 ha estat elaborada de conformitat amb la Llei Org\u00e0nica 15\/1999 de Protecci\u00f3 de Dades de Car\u00e0cter Personal (LOPD) i el Reglament (UE) 2016\/679 del Parlament Europeu i del Consell de 27 d\u2019abril de 2016 relatiu a la protecci\u00f3n de les persones f\u00edsiques (RGPD).<strong style=\"font-size: 16px;\">\u00a0<\/strong><\/p>\n<div>\n<p><strong>Dades del responsable<\/strong><\/p>\n<ul>\n<li><strong>Identitat del Responsable<\/strong>:\u00a0Anna Colomes<\/li>\n<li><strong>Domicili<\/strong>: Alella 08328 (Barcelona)<\/li>\n<li><strong>NIF<\/strong>: F67256495<\/li>\n<li><strong>Nom comercial<\/strong>:\u00a0Fil d\u2019Ariane<\/li>\n<li><strong>Correu electr\u00f2nic<\/strong>:\u00a0<a href=\"mailto:hola@fildeariane.com\">hola@fildeariane.com<\/a><\/li>\n<\/ul>\n<p>Pel tractament de dades dels meus usuaris, implemento totes les mesures t\u00e8cniques i organitzatives de seguretat establertes en la legislaci\u00f3 vigent.<\/p>\n<p><strong>Finalitat del tractament de les teves dades<\/strong><\/p>\n<p>En el tractament de les teves dades personals aplicar\u00e9 els seg\u00fcents principis que s\u2019ajusten a les exig\u00e8ncies del nou reglament europeu de protecci\u00f3 de dades:<\/p>\n<ul>\n<li>Principi de licitud, lleialtat i transpar\u00e8ncia: sempre demanar\u00e9 el teu consentiment pel tractament de les teves dades personals per a una o v\u00e0ries finalitats espec\u00edfiques que t\u2019informar\u00e9 pr\u00e8viament amb absoluta transpar\u00e8ncia.<\/li>\n<li>Principi de minimitzaci\u00f3 de dades:\u00a0nom\u00e9s sol\u00b7licitar\u00e9 dades estrictament necess\u00e0ries en relaci\u00f3 amb la finalitat espec\u00edfica pel que els necessito. Els m\u00ednims possibles.<\/li>\n<li>Principi de limitaci\u00f3 del termini de conservaci\u00f3: les dades les mantindr\u00e9 durant no m\u00e9s temps del necessari, per a la finalitat del tractament. En funci\u00f3 a la finalitat, t\u2019informar\u00e9 del termini de conservaci\u00f3 corresponent.<\/li>\n<li>Principi d\u2019integritat i confidencialitat: les teves dades seran tractades de tal manera que es garanteixi una seguretat adequada de les dades personals i es garanteix confidencialitat. Has de saber que prenc totes les precaucions necess\u00e0ries per evitar l\u2019acc\u00e9s no autoritzat o \u00fas indegut de les dades dels meus usuaris per part de tercers.<\/li>\n<\/ul>\n<p><strong>Legitimaci\u00f3 pel tractament de les teves dades<\/strong><\/p>\n<p>La base legal pel tractament de les seves dades \u00e9s: el consentiment.<\/p>\n<p>Per contactar o realitzar comentaris en aquesta web es requereix el consentiment amb aquesta pol\u00edtica de privacitat.<\/p>\n<p><strong>Categoria de dades<\/strong><\/p>\n<p>No es tracten categories de dades especialment protegits. En tots els casos, les dades que es puguin facilitar s\u00f3n les estrictament necess\u00e0ries per l\u2019activitat concreta que s\u2019hagi de realitzar. Amb l\u2019acceptaci\u00f3 d\u2019aquest document, l\u2019usuari autoritza expressament la cessi\u00f3 de les seves dades de car\u00e0cter personal per aquesta finalitat.<\/p>\n<p><strong>Per quant de temps conservar\u00e9 les teves dades?<\/strong><\/p>\n<p>Les dades personals proporcionades es conservaran: fins que no es sol\u00b7liciti la supressi\u00f3 per part de l\u2019interessat.<\/p>\n<p><strong>A quins destinataris es comunicaran les teves dades?<\/strong><\/p>\n<p>Per tal de prestar serveis estrictament necessaris pel desenvolupament de l\u2019activitat, Fil d&#8217;Ariane comparteix dades amb els seg\u00fcents prestadors sota les seves corresponents condicions de privacitat:<\/p>\n<p>Google Analytics: un servei anal\u00edtic de web per part de Google, Inc., una empresa de Delaware amb oficina principal a 1600 Amphitheatre Parkway, Mountain View (California), CA 94043, Estats Units (\u201cGoogle\u201d). Google Analytics utilitza \u201ccookies\u201d, que s\u00f3n arxius de text ubicats en el teu ordinador, per ajudar a miregucas.com a analitzar l\u2019\u00fas que fan els usuaris del web. La informaci\u00f3 que genera la cookie sobre el seu \u00fas de miregucas.com (incl\u00f2s la direcci\u00f3 IP) ser\u00e0 directament transmesa i arxivada per Google en els servidors d\u2019Estats Units<\/p>\n<p>Hosting: Host Europe (GoDaddy IBeria, SLU), amb domicili social a Avda. Coru\u00f1a 36, entresuelo izquierdo, 27003 Lugo. M\u00e9s informaci\u00f3 a\u00a0<a href=\"https:\/\/www.hosteurope.es\" target=\"_blank\" rel=\"noopener\">https:\/\/www.hosteurope.es<\/a>. Host Europe tracta les dades amb la finalitat de realitzar els seus serveis de hosting a Fil d&#8217;Ariane.<\/p>\n<p><strong>\u00a0<\/strong><\/p>\n<p><strong>Com he obtingut les teves dades?<\/strong><\/p>\n<p>Les dades personals que tractem a Fil d&#8217;Ariane provenen del correu electr\u00f2nic que l&#8217;usuari envia lliurement a Fil d&#8217;Ariane.<\/p>\n<p><strong>Finalitat del tractament de les teves dades personals<\/strong><\/p>\n<p>Quan un usuari es connecta amb aquesta web i facilita alguna dada, aquesta mateixa informaci\u00f3 pot incloure dades de car\u00e0cter personal com poden ser la direcci\u00f3 IP, nom, adre\u00e7a f\u00edsica, adre\u00e7a de correu electr\u00f2nic, n\u00famero de tel\u00e8fon, i d\u2019altres. Al facilitar aquesta informaci\u00f3, l\u2019usuari d\u00f3na el seu consentiment per tal que la informaci\u00f3 sigui recopilada, utilitzada, gestionada i emmagatzemada per Fil d&#8217;Ariane, tal i com es descriu en l\u2019av\u00eds legal i en la present pol\u00edtica de privacitat.<\/p>\n<p><strong>Quins s\u00f3n els teus drets quan em facilites les teves dades?<\/strong><\/p>\n<p>Qualsevol persona t\u00e9 dret a obtenir confirmaci\u00f3 sobre si a Fil d&#8217;Ariane s&#8217;etan tractant dades personals que ens concerneixen o no.<\/p>\n<p><strong>Les persones interessades tenen dret a:<\/strong><\/p>\n<p>Sol\u00b7licitar l\u2019acc\u00e9s a les dades personals relatives a l\u2019interessat.<\/p>\n<p>Sol\u00b7licitar la seva rectificaci\u00f3 supressi\u00f3<\/p>\n<p>Sol\u00b7licitar la limitaci\u00f3 del seu tractament<\/p>\n<p>Oposar-se al tractament<\/p>\n<p>Sol\u00b7licitar la portabilitat de les dades<\/p>\n<p>Els interessats podran accedir a les seves dades personals, aix\u00ed com a sol\u00b7licitar la rectificaci\u00f3 de les dades inexactes o, en el seu cas, sol\u00b7licitar la supressi\u00f3 quan, entre altres motius, les dades ja no siguin necess\u00e0ries per a la finalitat en que van ser recollides. En determinades circumst\u00e0ncies, els interessats podran sol\u00b7licitar la limitaci\u00f3 del tractament de les seves dades. En aquest cas tan sols les conservar\u00e9 per a l\u2019exercici o la defensa de reclamacions.<\/p>\n<p>En determinades circumst\u00e0ncies i per motius relacionats amb la seva situaci\u00f3 particular, els interessats podran oposar-se al tractament de les seves dades. Fil d&#8217;Ariane deixar\u00e0 de tractar les dades, excepte per motius leg\u00edtims imperiosos, o l\u2019exercici o defensa de possibles reclamacions. Pel tipus d\u2019informaci\u00f3 que recava aquesta web, no es pot exercitar la portabilitat de les dades.<\/p>\n<p>Els interessats tamb\u00e9 tindran dret a la judicial efectiva i a presentar una reclamaci\u00f3 davant l\u2019autoritat de control, en aquest cas, la Agencia Espa\u00f1ola de Protecci\u00f3n de Datos, si considera que el tractament de dades personals que el concerneixen infringeix el Reglament.<\/p>\n<p><strong>PROCED\u00c8NCIA DE LES DADES I NAVEGACI\u00d3<\/strong><\/p>\n<p>Al navegar per fildeariane.com es poden recollir dades no identificables, que poden incloure direccions IP, ubicaci\u00f3 geogr\u00e0fica (aproximada), un registre de com s\u2019utilitzen els serveis i llocs, i altres dades que no poden ser utilitzades per identificar a l\u2019usuari. Entre les dades no identificatives estan tamb\u00e9 les relacionades amb els teus h\u00e0bits de navegaci\u00f3 a trav\u00e9s de serveis de tercers. Aquesta web utilitza els seg\u00fcents serveis d\u2019an\u00e0lisi de tercers: Google analytics<\/p>\n<p>Utilitzem aquesta informaci\u00f3 per analitzar tend\u00e8ncies, administrar el lloc, rastrejar els moviments dels usuaris al voltant del lloc i per recopilar informaci\u00f3 demogr\u00e0fica sobre la meva base de usuaris en el seu conjunt (pots consultar la p\u00e0gina de cookies).<\/p>\n<p><strong>SECRET I SEGURETAT DE LES DADES <\/strong><\/p>\n<p>fildeariane.com es compromet a l\u2019\u00fas i tractament de les dades incloses personals dels usuaris, respectant la seva confidencialitat i a utilitzar-los d\u2019acord amb la finalitat del mateix, aix\u00ed com a donar compliment a la seva obligaci\u00f3 de guardar i adaptar totes les mesures per evitar l\u2019alteraci\u00f3, p\u00e8rdua, tractament o acc\u00e9s no autoritzat, de conformitat amb el que estableix la normativa vigent de protecci\u00f3 de dades.<\/p>\n<p>Aquest web inclou un certificat SSL. Es tracta d\u2019un protocol de seguretat que fa que les teves dades viatgin de manera \u00edntegra i segura, \u00e9s a dir, la transmissi\u00f3 de les dades entre un servidor i usuari web, i en retroalimentaci\u00f3, \u00e9s totalment xifrada o encriptada.<\/p>\n<p>fildeariane.com no pot garantir l\u2019absoluta inexpugnabilitat de la xarxa Internet i per tant la violaci\u00f3 de les dades mitjan\u00e7ant accessos fraudulents a ells per part de tercers.<\/p>\n<p>Pel que fa a la confidencialitat del processament, Fil d&#8217;Ariane s\u2019ha d\u2019assegurar que qualsevol persona que estigui autoritzada per Fil d&#8217;Ariane\u00a0per processar les dades del client (incl\u00f2s el seu personal, col\u00b7laboradors i prestadors), estar\u00e0 sota l\u2019obligaci\u00f3 apropiada de confidencialitat (ja sigui un deure contractual o legal). Quan es presenti algun incident de seguretat, en adonar-se Fil d&#8217;Ariane, ho haur\u00e0 de notificar al client sense demores indegudes i proporcionar la informaci\u00f3 oportuna relacionada amb l\u2019Incident de seguretat tal com es conegui o quan el client ho sol\u00b7liciti raonablement.<\/p>\n<p><strong>EXACTITUD I VERACITAT DE LES DADES<\/strong><\/p>\n<p>Com a usuari, ets l\u2019\u00fanic responsable de la veracitat i correcci\u00f3 de les dades que facis arribar a fildeariane.com exonerant a Anna Colom\u00e9s de qualsevol responsabilitat referent a aix\u00f2. Els usuaris garanteixen i responen, en qualsevol cas, de l\u2019exactitud, vig\u00e8ncia i autenticitat de les dades personals facilitades, i es comprometen a mantenir-les degudament actualitzades. L\u2019usuari accepta proporcionar informaci\u00f3 completa i correcta en el formulari de contacte o subscripci\u00f3.<\/p>\n<p><strong>ACCEPTACI\u00d3 I CONSENTIMENT<\/strong><\/p>\n<p>L\u2019usuari declara haver estat informat de les condicions sobre protecci\u00f3 de dades de car\u00e0cter personal, acceptant i consentint el tractament dels mateixos per part d&#8217;Anna Colom\u00e9s (fildeariane.com) en la forma i per a les finalitats indicades en aquesta pol\u00edtica de privacitat.<\/p>\n<p><strong>REVOCABILITAT<\/strong><\/p>\n<p>El consentiment prestat, tant pel tractament com per a la cessi\u00f3 de les dades dels interessats, \u00e9s revocable en qualsevol moment comunicant-ho a Anna Colom\u00e9s (fildeariane.com) en els termes que estableix aquesta Pol\u00edtica per a l\u2019exercici dels drets ARCO. Aquesta revocaci\u00f3 en cap cas tindr\u00e0 car\u00e0cter retroactiu.<\/p>\n<p><strong>CANVIS EN LA POL\u00cdTICA DE PRIVACITAT<\/strong><\/p>\n<p>Anna Colom\u00e9s i Fil d&#8217;Ariane es reserven el dret a modificar la present pol\u00edtica para adaptar-la a novetats legislatives o jurisprudencials, aix\u00ed como a pr\u00e0ctiques de la ind\u00fastria. En aquests sup\u00f2sits, Fil d&#8217;Ariane anunciar\u00e0 en aquesta p\u00e0gina els canvis introdu\u00efts amb raonable antel\u00b7laci\u00f3 a la seva posada en pr\u00e0ctica.<\/p>\n<p><strong>CORREUS COMERCIALS<\/strong><strong>\u00a0<\/strong><\/p>\n<p>D\u2019acord amb la LSSICE, fildeariane.com no realitza pr\u00e0ctiques d\u2019SPAM, i per tant no envia correus comercials per via electr\u00f2nica que no hagin estat pr\u00e8viament sol\u00b7licitats o autoritzats per l\u2019usuari. En conseq\u00fc\u00e8ncia, si el web disposa de formularis, l\u2019usuari t\u00e9 la possibilitat de donar el seu consentiment expr\u00e9s per rebre algun butllet\u00ed, amb independ\u00e8ncia de la informaci\u00f3 comercial puntualment sol\u00b7licitada.<\/p>\n<p>D\u2019acord amb el que disposa la Llei 34\/2002 de Serveis de la Societat de la Informaci\u00f3 i de comer\u00e7 electr\u00f2nic, fildeariane.com es compromet a no enviar comunicacions de car\u00e0cter comercial sense identificar-les degudament.<\/p>\n<p><em>(*document actualitzat a data 8 d&#8217;octubre de 2018).<\/em><\/p>\n<\/div>\n<\/div>\n<\/div>\n\t\t\t\t\t\t\t\t<\/div>\n\t\t\t\t<\/div>\n\t\t\t\t\t<\/div>\n\t\t<\/div>\n\t\t\t\t\t<\/div>\n\t\t<\/section>\n\t\t\t\t<\/div>\n\t\t","protected":false},"excerpt":{"rendered":"<p>POL\u00cdTICA DE PRIVACIDAD La seg\u00fcent informaci\u00f3 ha estat elaborada de conformitat amb la Llei Org\u00e0nica 15\/1999 de Protecci\u00f3 de Dades de Car\u00e0cter Personal (LOPD) i el Reglament (UE) 2016\/679 del Parlament Europeu i del Consell de 27 d\u2019abril de 2016 relatiu a la protecci\u00f3n de les persones f\u00edsiques (RGPD).\u00a0 Dades del responsable Identitat del Responsable:\u00a0Anna [&hellip;]<\/p>\n","protected":false},"author":1,"featured_media":0,"parent":0,"menu_order":15,"comment_status":"closed","ping_status":"closed","template":"","meta":{"footnotes":""},"class_list":["post-787","page","type-page","status-publish","hentry"],"_links":{"self":[{"href":"https:\/\/www.fildeariane.com\/es\/wp-json\/wp\/v2\/pages\/787","targetHints":{"allow":["GET"]}}],"collection":[{"href":"https:\/\/www.fildeariane.com\/es\/wp-json\/wp\/v2\/pages"}],"about":[{"href":"https:\/\/www.fildeariane.com\/es\/wp-json\/wp\/v2\/types\/page"}],"author":[{"embeddable":true,"href":"https:\/\/www.fildeariane.com\/es\/wp-json\/wp\/v2\/users\/1"}],"replies":[{"embeddable":true,"href":"https:\/\/www.fildeariane.com\/es\/wp-json\/wp\/v2\/comments?post=787"}],"version-history":[{"count":0,"href":"https:\/\/www.fildeariane.com\/es\/wp-json\/wp\/v2\/pages\/787\/revisions"}],"wp:attachment":[{"href":"https:\/\/www.fildeariane.com\/es\/wp-json\/wp\/v2\/media?parent=787"}],"curies":[{"name":"wp","href":"https:\/\/api.w.org\/{rel}","templated":true}]}}