{"id":781,"date":"2018-10-08T13:20:48","date_gmt":"2018-10-08T11:20:48","guid":{"rendered":"http:\/\/www.fildeariane.com\/?page_id=781"},"modified":"2021-01-27T16:52:49","modified_gmt":"2021-01-27T15:52:49","slug":"politica-de-cookies","status":"publish","type":"page","link":"https:\/\/www.fildeariane.com\/es\/politica-de-cookies\/","title":{"rendered":"Pol\u00edtica de cookies"},"content":{"rendered":"\t\t<div data-elementor-type=\"wp-post\" data-elementor-id=\"781\" class=\"elementor elementor-781 elementor-780\" data-elementor-post-type=\"page\">\n\t\t\t\t\t\t<section class=\"elementor-section elementor-top-section elementor-element elementor-element-00da46c elementor-section-boxed elementor-section-height-default elementor-section-height-default\" data-id=\"00da46c\" data-element_type=\"section\" data-e-type=\"section\" data-settings=\"{&quot;background_background&quot;:&quot;classic&quot;}\">\n\t\t\t\t\t\t\t<div class=\"elementor-background-overlay\"><\/div>\n\t\t\t\t\t\t\t<div class=\"elementor-container elementor-column-gap-default\">\n\t\t\t\t\t<div class=\"elementor-column elementor-col-100 elementor-top-column elementor-element elementor-element-3e5482c\" data-id=\"3e5482c\" data-element_type=\"column\" data-e-type=\"column\">\n\t\t\t<div class=\"elementor-widget-wrap elementor-element-populated\">\n\t\t\t\t\t\t<div class=\"elementor-element elementor-element-f56edb7 elementor-widget elementor-widget-heading\" data-id=\"f56edb7\" data-element_type=\"widget\" data-e-type=\"widget\" data-widget_type=\"heading.default\">\n\t\t\t\t<div class=\"elementor-widget-container\">\n\t\t\t\t\t<h2 class=\"elementor-heading-title elementor-size-default\">POL\u00cdTICA DE COOKIES<\/h2>\t\t\t\t<\/div>\n\t\t\t\t<\/div>\n\t\t\t\t<div class=\"elementor-element elementor-element-cee3b19 elementor-widget elementor-widget-text-editor\" data-id=\"cee3b19\" data-element_type=\"widget\" data-e-type=\"widget\" data-widget_type=\"text-editor.default\">\n\t\t\t\t<div class=\"elementor-widget-container\">\n\t\t\t\t\t\t\t\t\t<h3 class=\"vc_custom_heading\"><strong>PER QU\u00c8 HEM D&#8217;INFORMAR-TE SOBRE LES COOKIES?<\/strong><\/h3>\n<div class=\"wpb_text_column wpb_content_element \">\n<div class=\"wpb_wrapper\">\n<p>Dins el reglament LSSI-CE (Llei de la societat de la informaci\u00f3 i del comer\u00e7 electr\u00f2nic), hi ha un apartat dedicat a les cookies que exigeix als autors d\u2019una web l\u2019obligaci\u00f3 d\u2019informar a l\u2019usuari sobre el tipus de cookies, la durada i la finalitat de cadascuna d\u2019elles.<\/p>\n<p>Aquest web utilitza cookies pr\u00f2pies i de tercers per aconseguir que tinguis una millor experi\u00e8ncia de navegaci\u00f3, puguis compartir contingut en xarxes socials i per obtenir estad\u00edstiques i h\u00e0bits de navegaci\u00f3 d\u2019usuaris.<\/p>\n<p>Com a usuari, pots rebutjar el tractament de les dades o la informaci\u00f3 bloquejant aquestes cookies mitjan\u00e7ant la configuraci\u00f3 apropiada del seu navegador. No obstant aix\u00f2, has de saber que, si ho fas, \u00e9s possible que aquest lloc no funcioni adequadament. Segons l\u2019article 22.2 de la Llei 34\/2002 de Serveis de la Societat de la Informaci\u00f3 i Comer\u00e7 Electr\u00f2nic, si continues navegant, estar\u00e0s donant el teu consentiment per a l\u2019\u00fas d\u2019aquestes cookies.<\/p>\n<p>Aix\u00ed doncs, utilitzem cookies pr\u00f2pies i de tercers per optimitzar la teva experi\u00e8ncia de navegaci\u00f3 i servei a la nostra p\u00e0gina web. Recorda que pots rebutjar-o canviar la seva configuraci\u00f3 seguint les instruccions que pots llegir a continuaci\u00f3, per\u00f2 tingues en compte que l\u2019acc\u00e9s, \u00fas i, en general, la navegaci\u00f3 pel lloc web de Fil d&#8217;Ariane suposen el consentiment a la utilitzaci\u00f3 de cookies per part de Fil d&#8217;Ariane i \/ o dels seus prove\u00efdors de serveis. A continuaci\u00f3 et resumim les seves principals caracter\u00edstiques, quins tipus de cookies utilitza Fil d&#8217;Ariane i com pots desactivar-les en el teu navegador.<\/p>\n<p><strong>(I) Qu\u00e8 s\u00f3n les cookies i per a que s\u2019utilitzen?<\/strong><\/p>\n<p>Una cookie \u00e9s un fitxer que es descarrega al teu ordinador en accedir a determinades p\u00e0gines web. Les cookies permeten a una p\u00e0gina web, entre altres coses, emmagatzemar i recuperar informaci\u00f3 sobre els h\u00e0bits de navegaci\u00f3 d\u2019un usuari o del seu equip, incloent informaci\u00f3 estad\u00edstica an\u00f2nima i, depenent de la informaci\u00f3 que continguin i de la forma en qu\u00e8 utilitzi el seu equip, es poden utilitzar per recon\u00e8ixer a l\u2019usuari.<\/p>\n<p><strong>(II) Tipus de cookies que utiliza aquesta web<\/strong><\/p>\n<ul>\n<li>Cookies de sessi\u00f3: mant\u00e9 a l\u2019usuari identificat davant el lloc web, permetent una interacci\u00f3 amb el mateix.<\/li>\n<li>Cookies d\u2019an\u00e0lisi: s\u00f3n aquelles que ben tractades per nosaltres o per tercers (Google Analytics), ens permeten quantificar el n\u00famero d\u2019usuaris i aix\u00ed realizar la medici\u00f3 i an\u00e0lisi estad\u00edstic de l\u2019\u00fas que fan els usuaris del servei ofert. Aix\u00ed mateix, s\u2019emmagatzema informaci\u00f3n com l\u2019idioma, ciutat on est\u00e0 assignada la direcci\u00f3 IP des de la que accedeixen els usuaris, freq\u00fc\u00e8ncia de les visites, temps de visita, tipus de terminal des d\u2019on es realitza la visita i\/o productes m\u00e9s visitats, entre d\u2019altres. Per aix\u00f2 s\u2019analitza la teva navegaci\u00f3 a la nostra p\u00e0gina, amb la finalitat de millorar la teva experi\u00e8ncia, aix\u00ed com l\u2019oferta de productes o serveis que oferim. Pots consultar aqu\u00ed el tipus de cookies utilitzades per Google.. Cookie de Google+ y Google Maps, segons el disposat en la seva p\u00e0gina sobre quin tipus de cookies fan servir.<\/li>\n<li>Cookies de navegaci\u00f3: aquestes cookies recullen informaci\u00f3 sobre l\u2019\u00fas que las visites fan de la web, por exemple p\u00e0gines vistes, errors en la c\u00e0rrega\u2026 \u00c9s informaci\u00f3 gen\u00e8rica i an\u00f2nima, on no s\u2019inclouen dades personals, ni es recull informaci\u00f3 que identifiqui als visitants; essent l\u2019objectiu \u00faltim el de millorar el funcionament del web.<\/li>\n<li>Cookies de WodPress: aquesta web ha estat creada sota la plataforma WordPress,\u00a0propietat de l\u2019empresa nordamericana Automattic, Inc. A tals efectes, l\u2019\u00fas d\u2019aquestes cookies pels sistemes mai estan sota el control o gesti\u00f3 del resposable del web, i poden canviar la seva funci\u00f3 en qualsevol moment i entrar cookies noves. Aquestes cookies tampoc reporten al responsable d\u2019aquesta web cap benefici. Automattic, Inc., utilitza a m\u00e9s altres cookies amb la finalitat d\u2019ajudar a identificar i rastrejar als visitants dels llocs de WordPress, con\u00e8ixer l\u2019\u00fas que fan del lloc web d\u2019Automattic, aix\u00ed com les seves prefer\u00e8ncies d\u2019acc\u00e9s del mateix, tal i com es recull en l\u2019apartat \u201cCookies\u201d de la seva pol\u00edtica de privacitat.<\/li>\n<li>Cookies de xarxes socials: les Cookies de xarxes socials poden emmagatzemar-se en el teu navegador mentre, per exemple, utilitzes el bot\u00f3 de compartir continguts de miregucas.com en alguna xarxa social. Les empreses que generen aquestes cookies corresponents a les xarxes socials que utilitza aquesta web tenen les seves pr\u00f2pies pol\u00edtiques de cookies:<\/li>\n<\/ul>\n<p>Facebook:\u00a0<a href=\"https:\/\/www.facebook.com\/help\/323540651073243\/\" target=\"_blank\" rel=\"noopener\">https:\/\/www.facebook.com\/help\/323540651073243\/<\/a><\/p>\n<p>Les implicacions de privacitat estaran en funci\u00f3 de cada xarxa social i dependran de la configuraci\u00f3 de privacitat que has triat en aquestes xarxes. En cap cas, ni el responsable d\u2019aquesta web ni els anunciants poden obtenir informaci\u00f3 personal identificable d\u2019aquestes cookies.<\/p>\n<p><strong>(III) Com administrar les cookies<\/strong><\/p>\n<p>En visitar el nostre lloc web sense modificar la configuraci\u00f3 del teu navegador, acceptes expressament l\u2019\u00fas de les cookies en les condicions establertes en la present pol\u00edtica de cookies. No obstant aix\u00f2, at\u00e8s que les cookies no s\u00f3n estrictament necess\u00e0ries per a l\u2019\u00fas del nostre lloc web, et recordem que pots permetre, bloquejar o eliminar les cookies instal\u00b7lades en el teu equip mitjan\u00e7ant la configuraci\u00f3 de les opcions del navegador en el vostre ordinador. En la funci\u00f3 \u201cAjuda\u201d de la majoria dels navegadors s\u2019indica com configurar el teu navegador perqu\u00e8 no accepti cookies, perqu\u00e8 et notifiqui cada vegada que rebi una nova cookie, aix\u00ed com per desactivar completament totes les galetes (<a href=\"http:\/\/support.google.com\/chrome\/bin\/answer.py?hl=es-419&amp;answer=95647\" target=\"_blank\" rel=\"noopener\">Google Chrome<\/a>\u00a0\u2013\u00a0<a href=\"http:\/\/windows.microsoft.com\/es-xl\/internet-explorer\/delete-manage-cookies#ie=ie-10\" target=\"_blank\" rel=\"noopener\">Internet Explorer<\/a>\u00a0\u2013\u00a0<a href=\"http:\/\/support.mozilla.org\/es\/kb\/habilitar-y-deshabilitar-cookies-que-los-sitios-we\" target=\"_blank\" rel=\"noopener\">Mozilla Firefox<\/a>\u00a0\u2013\u00a0<a href=\"http:\/\/support.apple.com\/kb\/HT1677?viewlocale=es_ES%20%97%20http:\/\/support.apple.com\/kb\/ph5042\" target=\"_blank\" rel=\"noopener\">Apple Safari<\/a>). A m\u00e9s, pots desactivar o eliminar dades similars utilitzats per les extensions (add-on) dels navegadors, com les \u201cFlash Cookies\u201d, canviant la configuraci\u00f3 d\u2019aquestes extensions o visitant el lloc web del fabricant.<\/p>\n<\/div>\n<\/div>\n\t\t\t\t\t\t\t\t<\/div>\n\t\t\t\t<\/div>\n\t\t\t\t\t<\/div>\n\t\t<\/div>\n\t\t\t\t\t<\/div>\n\t\t<\/section>\n\t\t\t\t<\/div>\n\t\t","protected":false},"excerpt":{"rendered":"<p>POL\u00cdTICA DE COOKIES PER QU\u00c8 HEM D&#8217;INFORMAR-TE SOBRE LES COOKIES? Dins el reglament LSSI-CE (Llei de la societat de la informaci\u00f3 i del comer\u00e7 electr\u00f2nic), hi ha un apartat dedicat a les cookies que exigeix als autors d\u2019una web l\u2019obligaci\u00f3 d\u2019informar a l\u2019usuari sobre el tipus de cookies, la durada i la finalitat de cadascuna [&hellip;]<\/p>\n","protected":false},"author":1,"featured_media":0,"parent":0,"menu_order":14,"comment_status":"closed","ping_status":"closed","template":"","meta":{"footnotes":""},"class_list":["post-781","page","type-page","status-publish","hentry"],"_links":{"self":[{"href":"https:\/\/www.fildeariane.com\/es\/wp-json\/wp\/v2\/pages\/781","targetHints":{"allow":["GET"]}}],"collection":[{"href":"https:\/\/www.fildeariane.com\/es\/wp-json\/wp\/v2\/pages"}],"about":[{"href":"https:\/\/www.fildeariane.com\/es\/wp-json\/wp\/v2\/types\/page"}],"author":[{"embeddable":true,"href":"https:\/\/www.fildeariane.com\/es\/wp-json\/wp\/v2\/users\/1"}],"replies":[{"embeddable":true,"href":"https:\/\/www.fildeariane.com\/es\/wp-json\/wp\/v2\/comments?post=781"}],"version-history":[{"count":0,"href":"https:\/\/www.fildeariane.com\/es\/wp-json\/wp\/v2\/pages\/781\/revisions"}],"wp:attachment":[{"href":"https:\/\/www.fildeariane.com\/es\/wp-json\/wp\/v2\/media?parent=781"}],"curies":[{"name":"wp","href":"https:\/\/api.w.org\/{rel}","templated":true}]}}