{"id":775,"date":"2018-10-08T13:49:24","date_gmt":"2018-10-08T13:49:24","guid":{"rendered":"http:\/\/www.fildeariane.com\/?page_id=775"},"modified":"2021-01-27T16:52:09","modified_gmt":"2021-01-27T15:52:09","slug":"aviso-legal","status":"publish","type":"page","link":"https:\/\/www.fildeariane.com\/es\/aviso-legal\/","title":{"rendered":"Aviso legal"},"content":{"rendered":"\t\t<div data-elementor-type=\"wp-post\" data-elementor-id=\"775\" class=\"elementor elementor-775 elementor-774\" data-elementor-post-type=\"page\">\n\t\t\t\t\t\t<section class=\"elementor-section elementor-top-section elementor-element elementor-element-00da46c elementor-section-boxed elementor-section-height-default elementor-section-height-default\" data-id=\"00da46c\" data-element_type=\"section\" data-e-type=\"section\" data-settings=\"{&quot;background_background&quot;:&quot;classic&quot;}\">\n\t\t\t\t\t\t\t<div class=\"elementor-background-overlay\"><\/div>\n\t\t\t\t\t\t\t<div class=\"elementor-container elementor-column-gap-default\">\n\t\t\t\t\t<div class=\"elementor-column elementor-col-100 elementor-top-column elementor-element elementor-element-3e5482c\" data-id=\"3e5482c\" data-element_type=\"column\" data-e-type=\"column\">\n\t\t\t<div class=\"elementor-widget-wrap elementor-element-populated\">\n\t\t\t\t\t\t<div class=\"elementor-element elementor-element-f56edb7 elementor-widget elementor-widget-heading\" data-id=\"f56edb7\" data-element_type=\"widget\" data-e-type=\"widget\" data-widget_type=\"heading.default\">\n\t\t\t\t<div class=\"elementor-widget-container\">\n\t\t\t\t\t<h2 class=\"elementor-heading-title elementor-size-default\">AVISO LEGAL<\/h2>\t\t\t\t<\/div>\n\t\t\t\t<\/div>\n\t\t\t\t<div class=\"elementor-element elementor-element-cee3b19 elementor-widget elementor-widget-text-editor\" data-id=\"cee3b19\" data-element_type=\"widget\" data-e-type=\"widget\" data-widget_type=\"text-editor.default\">\n\t\t\t\t<div class=\"elementor-widget-container\">\n\t\t\t\t\t\t\t\t\t<p><strong style=\"font-size: 16px;\">DADES DEL RESPONSABLE<\/strong><\/p>\n<div>\n<div>\n<div>\n<div>\n<div>\n<ul>\n<li><strong>Identitat del Responsable<\/strong>:\u00a0Fil d&#8217;Ariane, SCCL (Anna Colom\u00e9s)<\/li>\n<li><strong>Domicili<\/strong>: Alella 08328 (Barcelona)<\/li>\n<li><strong>NIF<\/strong>: F67256495<\/li>\n<li><strong>Nom comercial<\/strong>:\u00a0Fil d&#8217;Ariane<\/li>\n<li><strong>Correu electr\u00f2nic<\/strong>:\u00a0<a href=\"mailto:hola@fildeariane.com\">hola@fildeariane.com<\/a><\/li>\n<\/ul>\n<p>Aquest text d\u2019av\u00eds legal t\u2019informa dels termes i condicions legals entre l\u2019usuari i el responsable de la web. Fil d&#8217;Ariane (Anna Colom\u00e9s) com a responsable d\u2019aquesta web, assumeixo el comprom\u00eds de processar la informaci\u00f3 dels meus usuaris i clients amb plenes garanties i complir amb els requisits nacionals i europeus que regulen la recopilaci\u00f3 i \u00fas de les dades personals dels meus usuaris. Aquest web, compleix rigorosament amb La Llei Org\u00e0nica 15\/1999, de 13 de desembre, de protecci\u00f3 de dades de car\u00e0cter personal (LOPD), i amb el Reial Decret 1720\/2007, de 21 de desembre, conegut com el Reglament de desenvolupament de la LOPD. Compleix tamb\u00e9 amb el Reglament (UE) 2016\/679 del Parlament Europeu i del Consell de 27 d\u2019abril de 2016 relatiu a la protecci\u00f3 de les persones f\u00edsiques (RGPD), aix\u00ed com amb la Llei 34\/2002, d&#8217; 11 de juliol, de serveis de la Societat de la Informaci\u00f3 i Comer\u00e7 Electr\u00f2nic (LSSICE o LSSI).<\/p>\n<p><strong><br \/>\nCONDICIONS D\u2019\u00daS<\/strong><\/p>\n<p>A continuaci\u00f3 t\u2019informo de les condicions d\u2019\u00fas de la p\u00e0gina web fildeariane.com i dels seus continguts i serveis que en ella es recullen. Tot usuari que accedeixi al web fildeariane.com accepta sotmetre a les Condicions Generals vigents en cada moment d\u2019aquest mateix web.<\/p>\n<p><strong><br \/>\nDADES PERSONALS<\/strong><\/p>\n<p>Consulta la Pol\u00edtica de Privacitat<\/p>\n<p><strong><br \/>\nCOMPROMISOS I OBLIGACIONS DELS USUARIS<\/strong><\/p>\n<p>L\u2019usuari es compromet a utilitzar el lloc web, els seus serveis i continguts sense contravenir la legislaci\u00f3 vigent, la bona fe i l\u2019ordre p\u00fablic. En virtut del que disposen els articles 8 i 32.1, par\u00e0graf segon, de la Llei de Propietat Intel\u00b7lectual, queda prohibit la reproducci\u00f3, distribuci\u00f3 o modificaci\u00f3, total o parcial, del contingut del web, aix\u00ed com les seves imatges (llevat que es compti amb la meva autoritzaci\u00f3 com a leg\u00edtima titular). Tamb\u00e9 queda prohibida qualsevol vulneraci\u00f3 dels drets del prestador o del meu com a leg\u00edtim titular; aix\u00ed com la seva utilitzaci\u00f3 per a fins comercials o publicitaris. No obstant, l\u2019usuari ha de ser conscient que les mesures de seguretat dels sistemes inform\u00e0tics a Internet no s\u00f3n enterament fiables i que, per tant miregucas.com no pot garantir la inexist\u00e8ncia de malware o altres elements que puguin produir alteracions en els sistemes inform\u00e0tics (programari i maquinari) de l\u2019usuari o en els seus documents electr\u00f2nics i fitxers continguts en els mateixos encara que poso tots els mitjans necessaris i les mesures de seguretat oportunes per evitar la pres\u00e8ncia d\u2019aquests elements nocius.<\/p>\n<p><strong><br \/>\nMESURES DE SEGURETAT<\/strong><\/p>\n<p>Les dades personals comunicades per l\u2019usuari a miregucas.com poden ser emmagatzemades en bases de dades automatitzades o no, la titularitat corresp\u00f2n en exclusiva a Anna Colom\u00e9s, assumint totes les mesures d\u2019\u00edndole t\u00e8cnica, organitzativa i de seguretat que garanteixen la confidencialitat, integritat i qualitat de la informaci\u00f3 continguda en les mateixes d\u2019acord amb el que estableix la normativa vigent en protecci\u00f3 de dades i exposada en la meva pol\u00edtica de privacitat. La comunicaci\u00f3 entre els usuaris i miregucas.com \u00e9s es realitza a trav\u00e9s d\u2019un canal segur, i les dades transmeses s\u00f3n xifrades gr\u00e0cies a protocols a https.<\/p>\n<p><strong>RESOLUCI\u00d3 DE CONFLICTES<\/strong><\/p>\n<p>Poso tamb\u00e9 a disposici\u00f3 dels usuaris la plataforma de resoluci\u00f3 de litigis que facilita la Comissi\u00f3 Europea i que es troba en el seg\u00fcent enlla\u00e7:\u00a0<a href=\"http:\/\/ec.europa.eu\/consumers\/odr\/\" target=\"_blank\" rel=\"noopener\">http:\/\/ec.europa.eu\/consumers\/odr\/<\/a><\/p>\n<p><strong>EXCLUSI\u00d3 DE GARANTIES I RESPONSABLE<\/strong><\/p>\n<p>Anna Colom\u00e9s no otorga cap garantia ni es fa responsable, en cap cas, dels danys i perjudicis de qualsevol naturalesa que es puguin derivar de:<\/p>\n<ul>\n<li>La manca de disponibilitat, manteniment i efectiu funcionament del web, o dels seus serveis i continguts.<\/li>\n<li>L\u2019exist\u00e8ncia de malware, programes maliciosos o lesius en els continguts;<\/li>\n<li>L\u2019\u00fas il\u00b7l\u00edcit, negligent, fraudulent o contrari a aquest Av\u00eds Legal;<\/li>\n<li>La falta de licitud, qualitat, fiabilitat, utilitat i disponibilitat dels serveis prestats per tercers i posats a disposici\u00f3 dels usuaris al lloc web.<\/li>\n<\/ul>\n<p>El prestador no es fa responsable en cap concepte dels danys que poguessin dimanar de l\u2019\u00fas il\u00b7legal o indegut de la present p\u00e0gina web.<\/p>\n<p><strong>CONTACTE<\/strong><\/p>\n<p>En cas de que qualsevol usuari tingu\u00e9s cap dubte respecte aquestes Condicions legals o qualsevol comentari sobre el portal fildeariane.com, pot dirigir-se a\u00a0hola@<span style=\"color: #515151;\">fildeariane<\/span>.com<\/p>\n<p><strong>DRETS D\u2019AUTOR I PROPIETAT INTEL\u00b7LECTUAL<\/strong><\/p>\n<p>L\u2019usuari reconeix i accepta que tots els drets de propietat intel\u00b7lectual i industrial dels productes, marques comercials, logotips o signes distintius publicats en fildeariane.com, aix\u00ed com dels seus continguts (les imatges, les fotografies, els textos, la m\u00fasica, els sons, els v\u00eddeos, els documents, els men\u00fas, les p\u00e0gines web, el grafisme, els colors, els esquemes, les eines, els car\u00e0cters, el disseny del lloc web, els diagrames, l\u2019estructura, la selecci\u00f3, ordenaci\u00f3 i presentaci\u00f3 dels continguts, els m\u00e8todes, els processos, les funcions i els programes inform\u00e0tics que formen part), s\u00f3n tots propietat de Fil d&#8217;Ariane, qui t\u00e9 el dret exclusiu d\u2019utilitzar-los.<\/p>\n<p>L\u2019usuari no est\u00e0 autoritzat en cap cas a fer \u00fas d\u2019ells, ni imprimir-los, ni emmagatzemar-los sota cap suport f\u00edsic<\/p>\n<p>L\u2019Usuari t\u00e9 prohibit reproduir, copiar, cedir, distribuir o modificar, de manera total o parcial dels continguts i elements anteriorment esmentats; aix\u00ed com vendre o crear nous productes o serveis derivats de la informaci\u00f3 obtinguda d\u2019aquest lloc web, sense l\u2019autoritzaci\u00f3 pr\u00e8via i per escrit de Fil d&#8217;Ariane. En cap cas l\u2019acc\u00e9s a la p\u00e0gina web implica algun tipus de ren\u00fancia, transmissi\u00f3, llic\u00e8ncia o cessi\u00f3 d\u2019aquests drets.<\/p>\n<p>Fil d&#8217;Ariane es reserva la possibilitat d\u2019exercir accions legals oportunes en defensa dels seus drets de propietat intel\u00b7lectual i \/ o industrial.<\/p>\n<p>En cas que l\u2019usuari detecti qualsevol activitat susceptible de vulnerar alg\u00fan dret de propietat intel\u00b7lectual i \/ o industrial, o de qualsevol tipus de dret, sol\u00b7licitem que ens ho comuniqui a trav\u00e9s de l\u2019adre\u00e7a de correu electr\u00f2nic hola@fildeariane.com<\/p>\n<p><strong><br \/>\nCONDICIONS D\u2019\u00daS<\/strong><\/p>\n<p>Les condicions d\u2019\u00fas reglamenten l\u2019oferta, l\u2019acceptaci\u00f3 de compra i l\u2019enviament de productes entre Fil d&#8217;Ariane i els seus clients.<\/p>\n<p>Els productes i serveis de fildeariane<a href=\"https:\/\/miregucas.com\/\" target=\"_blank\" rel=\"noopener\">.com<\/a>\u00a0s\u2019ofereixen exclusivament als usuaris finals que siguin persones f\u00edsiques, per tal d\u2019adquirir-los sense \u00e0nim de revenda i que actu\u00efn amb fins diferents dels que siguin propis d\u2019activitats comercials, empresarials o professionals que puguin desenvolupar.<\/p>\n<p><strong>OBLIGACIONS DE L\u2019USUARI<\/strong><\/p>\n<p>L\u2019Usuari s\u2019obliga, amb car\u00e0cter general, a utilitzar aquest lloc web, els seus continguts i serveis de forma diligent, de conformitat a la llei, la moral, els bons usos i costums, a l\u2019ordre p\u00fablic, la bona fe i al que disposa aquestes condicions d\u2019\u00fas. Igualment l\u2019Usuari haur\u00e0 d\u2019abstenir d\u2019utilitzar-los en qualsevol forma que pugui impedir, danyar o deteriorar el normal funcionament i gaudi dels continguts i serveis per part dels usuaris o que pogu\u00e9s lesionar o causar danys als b\u00e9ns i drets de Fil d&#8217;Ariane, els seus usuaris o de tercers.<\/p>\n<p><strong>COMUNICACIONS I NOTIFICACIONS<\/strong><\/p>\n<p>La normativa aplicable exigeix que part de la informaci\u00f3 o comunicacions que li enviem siguin per escrit.<\/p>\n<p>Mitjan\u00e7ant l\u2019\u00fas de fildeariane.com i l\u2019acceptaci\u00f3 de les presents Condicions Legals vost\u00e8 accepta que la major part d\u2019aquestes comunicacions amb nosaltres siguin electr\u00f2niques i reconeix que tot contracte, notificaci\u00f3, informaci\u00f3 i altres comunicacions que li enviem de forma electr\u00f2nica compleixen amb els requisits legals de ser per escrit. Aquesta condici\u00f3 no afectar\u00e0 els seus drets reconeguts per llei.<\/p>\n<p>Les notificacions que vost\u00e8 ens envi\u00ef s&#8217;hauran d\u2019enviar a trav\u00e9s de l\u2019adre\u00e7a de correu electr\u00f2nic\u00a0<a href=\"mailto:hola@fildeariane.com\">hola@fildeariane.com<\/a>.<\/p>\n<p><strong>ENLLA\u00c7OS AMB ALTRES WEBS<\/strong><\/p>\n<p>En el cas que fildeariane<a href=\"https:\/\/www.miregucas.com\/\" target=\"_blank\" rel=\"noopener\">.<\/a>com\u00a0contingui enlla\u00e7os a altres p\u00e0gines web i materials de tercers, aquests enlla\u00e7os es facilitaran \u00fanicament a efectes informatius, sense que nosaltres tinguem cap control sobre el contingut d\u2019aquestes p\u00e0gines web o materials. Per tant, no acceptem cap responsabilitat per qualsevol dany o p\u00e8rdua derivats del seu \u00fas.<\/p>\n<p>Fil d&#8217;Ariane es reserva el dret a bloquejar els enlla\u00e7os electr\u00f2nics dirigits al lloc web que no comptin autoritzaci\u00f3 expressa amb car\u00e0cter previ.<\/p>\n<p><strong>MODIFICACIONS DE LES CONDICIONS LEGALS<\/strong><\/p>\n<p>Fil d&#8217;Ariane es reserva el dret de modificar en qualsevol moment els continguts de les presents Condicions Legals, Pol\u00edtica de privacitat i altres avisos legals. En aquest cas, informarem als usuaris a trav\u00e9s del lloc web o enviant un correu electr\u00f2nic informatiu als usuaris que ho sol\u00b7licitin, amb la finalitat que puguin decidir si volen continuar utilitzant el lloc web.<\/p>\n<p>De forma general, l\u2019usuari estar\u00e0 subjecte a les Condicions Legals, Pol\u00edtica de privacitat i altres avisos legals en el moment en que utilitzi la present p\u00e0gina web o efectu\u00ef cada comanda.<\/p>\n<p><strong>LEGISLACI\u00d3 APLICABLE<\/strong><\/p>\n<p>L\u2019activitat desenvolupada a trav\u00e9s del lloc web fildeariane.com est\u00e0 sotmesa a la legislaci\u00f3 espanyola vigent, i \u00e9s aplicable, entre d\u2019altres, la Llei Org\u00e0nica 15\/1999 de 13 de desembre, de protecci\u00f3 de dades de car\u00e0cter personal; la Llei 34\/2002 de 11 de Juliol, de Serveis de la Societat de la Informaci\u00f3 i de Comer\u00e7 Electr\u00f2nic, Codi Civil; i el Reial Decret Legislatiu 1\/2007 de 16 de novembre, pel qual s\u2019aprova el text ref\u00f3s de la Llei General per a Consumidors i Usuaris i altres lleis complement\u00e0ries.<\/p>\n<p>Per a la resoluci\u00f3 de qualsevol controv\u00e8rsia, discrep\u00e0ncia o conflicte que pogu\u00e9s suscitar-se en el compliment i interpretaci\u00f3 d\u2019aquest document, les parts (tercers i Fil d&#8217;Ariane) se sotmeten als Jutjats i Tribunals de Barcelona (Spain)<\/p>\n<p><em>(document actualitzat a data 8 d&#8217;octubre de 2018)<\/em><\/p>\n<\/div>\n<\/div>\n<\/div>\n<\/div>\n<\/div>\n\t\t\t\t\t\t\t\t<\/div>\n\t\t\t\t<\/div>\n\t\t\t\t\t<\/div>\n\t\t<\/div>\n\t\t\t\t\t<\/div>\n\t\t<\/section>\n\t\t\t\t<\/div>\n\t\t","protected":false},"excerpt":{"rendered":"<p>AVISO LEGAL DADES DEL RESPONSABLE Identitat del Responsable:\u00a0Fil d&#8217;Ariane, SCCL (Anna Colom\u00e9s) Domicili: Alella 08328 (Barcelona) NIF: F67256495 Nom comercial:\u00a0Fil d&#8217;Ariane Correu electr\u00f2nic:\u00a0hola@fildeariane.com Aquest text d\u2019av\u00eds legal t\u2019informa dels termes i condicions legals entre l\u2019usuari i el responsable de la web. Fil d&#8217;Ariane (Anna Colom\u00e9s) com a responsable d\u2019aquesta web, assumeixo el comprom\u00eds de processar [&hellip;]<\/p>\n","protected":false},"author":3,"featured_media":0,"parent":0,"menu_order":13,"comment_status":"closed","ping_status":"closed","template":"","meta":{"footnotes":""},"class_list":["post-775","page","type-page","status-publish","hentry"],"_links":{"self":[{"href":"https:\/\/www.fildeariane.com\/es\/wp-json\/wp\/v2\/pages\/775","targetHints":{"allow":["GET"]}}],"collection":[{"href":"https:\/\/www.fildeariane.com\/es\/wp-json\/wp\/v2\/pages"}],"about":[{"href":"https:\/\/www.fildeariane.com\/es\/wp-json\/wp\/v2\/types\/page"}],"author":[{"embeddable":true,"href":"https:\/\/www.fildeariane.com\/es\/wp-json\/wp\/v2\/users\/3"}],"replies":[{"embeddable":true,"href":"https:\/\/www.fildeariane.com\/es\/wp-json\/wp\/v2\/comments?post=775"}],"version-history":[{"count":0,"href":"https:\/\/www.fildeariane.com\/es\/wp-json\/wp\/v2\/pages\/775\/revisions"}],"wp:attachment":[{"href":"https:\/\/www.fildeariane.com\/es\/wp-json\/wp\/v2\/media?parent=775"}],"curies":[{"name":"wp","href":"https:\/\/api.w.org\/{rel}","templated":true}]}}