{"id":2596,"date":"2024-10-09T18:08:43","date_gmt":"2024-10-09T16:08:43","guid":{"rendered":"https:\/\/www.fildeariane.com\/apoyo-a-la-diversidad-de-aprendizaje\/"},"modified":"2026-04-13T17:39:01","modified_gmt":"2026-04-13T15:39:01","slug":"apoyo-a-la-diversidad-de-aprendizaje","status":"publish","type":"page","link":"https:\/\/www.fildeariane.com\/es\/apoyo-a-la-diversidad-de-aprendizaje\/","title":{"rendered":"Apoyo a la diversidad de aprendizaje"},"content":{"rendered":"\t\t<div data-elementor-type=\"wp-page\" data-elementor-id=\"2596\" class=\"elementor elementor-2596 elementor-2487\" data-elementor-post-type=\"page\">\n\t\t\t\t<div class=\"elementor-element elementor-element-bc2d92b e-con-full e-flex e-con e-parent\" data-id=\"bc2d92b\" data-element_type=\"container\" data-e-type=\"container\" data-settings=\"{&quot;background_background&quot;:&quot;classic&quot;}\">\n\t\t<div class=\"elementor-element elementor-element-6c061bd e-con-full e-flex e-con e-child\" data-id=\"6c061bd\" data-element_type=\"container\" data-e-type=\"container\">\n\t\t\t\t<div class=\"elementor-element elementor-element-a7163ee elementor-widget elementor-widget-heading\" data-id=\"a7163ee\" data-element_type=\"widget\" data-e-type=\"widget\" data-widget_type=\"heading.default\">\n\t\t\t\t<div class=\"elementor-widget-container\">\n\t\t\t\t\t<h1 class=\"elementor-heading-title elementor-size-default\">Apoyo a la diversidad de aprendizaje<\/h1>\t\t\t\t<\/div>\n\t\t\t\t<\/div>\n\t\t\t\t<\/div>\n\t\t\t\t<\/div>\n\t\t<div class=\"elementor-element elementor-element-3fddb12 e-con-full e-flex e-con e-parent\" data-id=\"3fddb12\" data-element_type=\"container\" data-e-type=\"container\" data-settings=\"{&quot;background_background&quot;:&quot;classic&quot;}\">\n\t\t<div class=\"elementor-element elementor-element-2fa6d95 e-con-full e-flex e-con e-child\" data-id=\"2fa6d95\" data-element_type=\"container\" data-e-type=\"container\">\n\t\t\t\t<div class=\"elementor-element elementor-element-13df9a0 elementor-widget elementor-widget-heading\" data-id=\"13df9a0\" data-element_type=\"widget\" data-e-type=\"widget\" data-widget_type=\"heading.default\">\n\t\t\t\t<div class=\"elementor-widget-container\">\n\t\t\t\t\t<h2 class=\"elementor-heading-title elementor-size-default\">Ponemos a vuestra disposici\u00f3n nuestro equipo multidisciplinar para acompa\u00f1ar a vuestros hijos e hijas y a los mayores de la casa en lo que necesit\u00e9is.<\/h2>\t\t\t\t<\/div>\n\t\t\t\t<\/div>\n\t\t\t\t<div class=\"elementor-element elementor-element-cc171de elementor-widget elementor-widget-image\" data-id=\"cc171de\" data-element_type=\"widget\" data-e-type=\"widget\" data-widget_type=\"image.default\">\n\t\t\t\t<div class=\"elementor-widget-container\">\n\t\t\t\t\t\t\t\t\t\t\t\t\t\t\t<img fetchpriority=\"high\" decoding=\"async\" width=\"190\" height=\"320\" src=\"https:\/\/www.fildeariane.com\/wp-content\/uploads\/2021\/01\/fil.png\" class=\"attachment-full size-full wp-image-1979\" alt=\"fil\" srcset=\"https:\/\/www.fildeariane.com\/wp-content\/uploads\/2021\/01\/fil.png 190w, https:\/\/www.fildeariane.com\/wp-content\/uploads\/2021\/01\/fil-178x300.png 178w\" sizes=\"(max-width: 190px) 100vw, 190px\" \/>\t\t\t\t\t\t\t\t\t\t\t\t\t\t\t<\/div>\n\t\t\t\t<\/div>\n\t\t\t\t<\/div>\n\t\t\t\t<\/div>\n\t\t<div class=\"elementor-element elementor-element-8c0a383 e-flex e-con-boxed e-con e-parent\" data-id=\"8c0a383\" data-element_type=\"container\" data-e-type=\"container\">\n\t\t\t\t\t<div class=\"e-con-inner\">\n\t\t<div class=\"elementor-element elementor-element-1cc0af5 e-con-full e-flex e-con e-child\" data-id=\"1cc0af5\" data-element_type=\"container\" data-e-type=\"container\" data-settings=\"{&quot;background_background&quot;:&quot;classic&quot;}\">\n\t\t\t\t<div class=\"elementor-element elementor-element-2a4c1d7 elementor-widget elementor-widget-image\" data-id=\"2a4c1d7\" data-element_type=\"widget\" data-e-type=\"widget\" data-widget_type=\"image.default\">\n\t\t\t\t<div class=\"elementor-widget-container\">\n\t\t\t\t\t\t\t\t\t\t\t\t\t\t\t<img decoding=\"async\" width=\"1920\" height=\"1080\" src=\"https:\/\/www.fildeariane.com\/wp-content\/uploads\/2024\/10\/Axcompanyament-integral-a-laprenentatge.jpg\" class=\"attachment-full size-full wp-image-2502\" alt=\"Acompanyament integral a l&#039;aprenentatge\" srcset=\"https:\/\/www.fildeariane.com\/wp-content\/uploads\/2024\/10\/Axcompanyament-integral-a-laprenentatge.jpg 1920w, https:\/\/www.fildeariane.com\/wp-content\/uploads\/2024\/10\/Axcompanyament-integral-a-laprenentatge-300x169.jpg 300w, https:\/\/www.fildeariane.com\/wp-content\/uploads\/2024\/10\/Axcompanyament-integral-a-laprenentatge-1024x576.jpg 1024w, https:\/\/www.fildeariane.com\/wp-content\/uploads\/2024\/10\/Axcompanyament-integral-a-laprenentatge-768x432.jpg 768w, https:\/\/www.fildeariane.com\/wp-content\/uploads\/2024\/10\/Axcompanyament-integral-a-laprenentatge-1536x864.jpg 1536w\" sizes=\"(max-width: 1920px) 100vw, 1920px\" \/>\t\t\t\t\t\t\t\t\t\t\t\t\t\t\t<\/div>\n\t\t\t\t<\/div>\n\t\t\t\t<div class=\"elementor-element elementor-element-22e5ea2 elementor-widget elementor-widget-heading\" data-id=\"22e5ea2\" data-element_type=\"widget\" data-e-type=\"widget\" data-widget_type=\"heading.default\">\n\t\t\t\t<div class=\"elementor-widget-container\">\n\t\t\t\t\t<h2 class=\"elementor-heading-title elementor-size-default\">Acompa\u00f1amiento integral a ni\u00f1xs y adolescentes<\/h2>\t\t\t\t<\/div>\n\t\t\t\t<\/div>\n\t\t\t\t<div class=\"elementor-element elementor-element-872e0f1 elementor-widget elementor-widget-text-editor\" data-id=\"872e0f1\" data-element_type=\"widget\" data-e-type=\"widget\" data-widget_type=\"text-editor.default\">\n\t\t\t\t<div class=\"elementor-widget-container\">\n\t\t\t\t\t\t\t\t\t<p>En fil d\u2019Ariane, os ofrecemos un <strong>acompa\u00f1amiento personalizado a vuestra medida<\/strong>, de una manera integral, interviniendo en todos los \u00e1mbitos: individual, familiar y escolar:<\/p>\n<p>Intervenimos con el\/ la ni\u00f1x o adolescente ofreciendo el <strong>apoyo cognitivo y emocional<\/strong> que necesita.<\/p>\n<p>Tambi\u00e9n os acompa\u00f1amos como familia en este camino, ofreciendo un espacio seguro y personal donde poder compartir miedos, inquietudes y dudas, tanto a los padres y madres como a los abuelxs y hermanxs.<\/p>\n<p><strong>Trabajamos con la escuela<\/strong> de vuestras hijas e hijos, para ofrecer herramientas al equipo educativo, adaptando los materiales y las propuestas y fomentando la inclusi\u00f3n educativa para que lxs ni\u00f1xs y adolescentes puedan lograr los aprendizajes.<\/p>\n\t\t\t\t\t\t\t\t<\/div>\n\t\t\t\t<\/div>\n\t\t\t\t<div class=\"elementor-element elementor-element-69309fe elementor-align-center elementor-widget elementor-widget-button\" data-id=\"69309fe\" data-element_type=\"widget\" data-e-type=\"widget\" data-widget_type=\"button.default\">\n\t\t\t\t<div class=\"elementor-widget-container\">\n\t\t\t\t\t\t\t\t\t<div class=\"elementor-button-wrapper\">\n\t\t\t\t\t<a class=\"elementor-button elementor-button-link elementor-size-sm\" href=\"https:\/\/www.fildeariane.com\/es\/contacto\/\">\n\t\t\t\t\t\t<span class=\"elementor-button-content-wrapper\">\n\t\t\t\t\t\t\t\t\t<span class=\"elementor-button-text\">M\u00e1s informaci\u00f3n<\/span>\n\t\t\t\t\t<\/span>\n\t\t\t\t\t<\/a>\n\t\t\t\t<\/div>\n\t\t\t\t\t\t\t\t<\/div>\n\t\t\t\t<\/div>\n\t\t\t\t<\/div>\n\t\t<div class=\"elementor-element elementor-element-0d31dbe e-con-full e-flex e-con e-child\" data-id=\"0d31dbe\" data-element_type=\"container\" data-e-type=\"container\" data-settings=\"{&quot;background_background&quot;:&quot;classic&quot;}\">\n\t\t\t\t<div class=\"elementor-element elementor-element-3162c0e elementor-widget elementor-widget-image\" data-id=\"3162c0e\" data-element_type=\"widget\" data-e-type=\"widget\" data-widget_type=\"image.default\">\n\t\t\t\t<div class=\"elementor-widget-container\">\n\t\t\t\t\t\t\t\t\t\t\t\t\t\t\t<img decoding=\"async\" width=\"1920\" height=\"1080\" src=\"https:\/\/www.fildeariane.com\/wp-content\/uploads\/2024\/10\/Estimulacio-cognitiva-65.jpg\" class=\"attachment-full size-full wp-image-2504\" alt=\"Estimulacio\u0301 cognitiva +65\" srcset=\"https:\/\/www.fildeariane.com\/wp-content\/uploads\/2024\/10\/Estimulacio-cognitiva-65.jpg 1920w, https:\/\/www.fildeariane.com\/wp-content\/uploads\/2024\/10\/Estimulacio-cognitiva-65-300x169.jpg 300w, https:\/\/www.fildeariane.com\/wp-content\/uploads\/2024\/10\/Estimulacio-cognitiva-65-1024x576.jpg 1024w, https:\/\/www.fildeariane.com\/wp-content\/uploads\/2024\/10\/Estimulacio-cognitiva-65-768x432.jpg 768w, https:\/\/www.fildeariane.com\/wp-content\/uploads\/2024\/10\/Estimulacio-cognitiva-65-1536x864.jpg 1536w\" sizes=\"(max-width: 1920px) 100vw, 1920px\" \/>\t\t\t\t\t\t\t\t\t\t\t\t\t\t\t<\/div>\n\t\t\t\t<\/div>\n\t\t\t\t<div class=\"elementor-element elementor-element-37a48df elementor-widget elementor-widget-heading\" data-id=\"37a48df\" data-element_type=\"widget\" data-e-type=\"widget\" data-widget_type=\"heading.default\">\n\t\t\t\t<div class=\"elementor-widget-container\">\n\t\t\t\t\t<h2 class=\"elementor-heading-title elementor-size-default\">Estimulaci\u00f3n cognitiva y acompa\u00f1amiento emocional para personas de m\u00e1s de  65 a\u00f1os<\/h2>\t\t\t\t<\/div>\n\t\t\t\t<\/div>\n\t\t\t\t<div class=\"elementor-element elementor-element-a6ba4d4 elementor-widget elementor-widget-text-editor\" data-id=\"a6ba4d4\" data-element_type=\"widget\" data-e-type=\"widget\" data-widget_type=\"text-editor.default\">\n\t\t\t\t<div class=\"elementor-widget-container\">\n\t\t\t\t\t\t\t\t\t<p><b>Mejorar el bienestar cognitivo: <\/b>haremos propuestas de estimulaci\u00f3n cognitiva, para mejorar y conservar la memoria, la atenci\u00f3n y las funciones del lenguaje.<\/p>\n<p><b>Mejorar el bienestar emocional:<\/b> generaremos din\u00e1micas para reflexionar y compartir la propia historia de vida y los nuevos objetivos en esta etapa, dando un espacio importante al autocuidado.<\/p>\n<p><b>Ampliar la red relacional:<\/b> a trav\u00e9s de sesiones vivenciales trabajremos la relaci\u00f3n con las otras y con unx mismx., construiremos v\u00ednculos y restauraremos los ya existentes.<\/p>\n<p><b>Acercarnos a la cultura de la comarca<\/b>: huimos de una propuesta infantilizada, pondremos en valor la experiencia y el conocimiento de cada persona, por lo tanto, todos los recursos y materiales que utilizamos ser\u00e1n de arte, danza, m\u00fasica y poes\u00eda.<\/p>\n\t\t\t\t\t\t\t\t<\/div>\n\t\t\t\t<\/div>\n\t\t\t\t<div class=\"elementor-element elementor-element-fb05e5f elementor-align-center elementor-widget elementor-widget-button\" data-id=\"fb05e5f\" data-element_type=\"widget\" data-e-type=\"widget\" data-widget_type=\"button.default\">\n\t\t\t\t<div class=\"elementor-widget-container\">\n\t\t\t\t\t\t\t\t\t<div class=\"elementor-button-wrapper\">\n\t\t\t\t\t<a class=\"elementor-button elementor-button-link elementor-size-sm\" href=\"https:\/\/www.fildeariane.com\/es\/contacto\/\">\n\t\t\t\t\t\t<span class=\"elementor-button-content-wrapper\">\n\t\t\t\t\t\t\t\t\t<span class=\"elementor-button-text\">M\u00e1s informaci\u00f3n<\/span>\n\t\t\t\t\t<\/span>\n\t\t\t\t\t<\/a>\n\t\t\t\t<\/div>\n\t\t\t\t\t\t\t\t<\/div>\n\t\t\t\t<\/div>\n\t\t\t\t<\/div>\n\t\t\t\t\t<\/div>\n\t\t\t\t<\/div>\n\t\t\t\t<\/div>\n\t\t","protected":false},"excerpt":{"rendered":"<p>Apoyo a la diversidad de aprendizaje Ponemos a vuestra disposici\u00f3n nuestro equipo multidisciplinar para acompa\u00f1ar a vuestros hijos e hijas y a los mayores de la casa en lo que necesit\u00e9is. Acompa\u00f1amiento integral a ni\u00f1xs y adolescentes En fil d\u2019Ariane, os ofrecemos un acompa\u00f1amiento personalizado a vuestra medida, de una manera integral, interviniendo en todos [&hellip;]<\/p>\n","protected":false},"author":3,"featured_media":0,"parent":0,"menu_order":4,"comment_status":"closed","ping_status":"closed","template":"","meta":{"footnotes":""},"class_list":["post-2596","page","type-page","status-publish","hentry"],"_links":{"self":[{"href":"https:\/\/www.fildeariane.com\/es\/wp-json\/wp\/v2\/pages\/2596","targetHints":{"allow":["GET"]}}],"collection":[{"href":"https:\/\/www.fildeariane.com\/es\/wp-json\/wp\/v2\/pages"}],"about":[{"href":"https:\/\/www.fildeariane.com\/es\/wp-json\/wp\/v2\/types\/page"}],"author":[{"embeddable":true,"href":"https:\/\/www.fildeariane.com\/es\/wp-json\/wp\/v2\/users\/3"}],"replies":[{"embeddable":true,"href":"https:\/\/www.fildeariane.com\/es\/wp-json\/wp\/v2\/comments?post=2596"}],"version-history":[{"count":1,"href":"https:\/\/www.fildeariane.com\/es\/wp-json\/wp\/v2\/pages\/2596\/revisions"}],"predecessor-version":[{"id":3145,"href":"https:\/\/www.fildeariane.com\/es\/wp-json\/wp\/v2\/pages\/2596\/revisions\/3145"}],"wp:attachment":[{"href":"https:\/\/www.fildeariane.com\/es\/wp-json\/wp\/v2\/media?parent=2596"}],"curies":[{"name":"wp","href":"https:\/\/api.w.org\/{rel}","templated":true}]}}