{"id":2039,"date":"2021-01-26T14:41:12","date_gmt":"2021-01-26T13:41:12","guid":{"rendered":"https:\/\/www.fildeariane.com\/ninas-ninos-y-adolescentes\/"},"modified":"2026-04-13T17:33:49","modified_gmt":"2026-04-13T15:33:49","slug":"talleres-para-ninos-y-adolescentes","status":"publish","type":"page","link":"https:\/\/www.fildeariane.com\/es\/talleres-para-ninos-y-adolescentes\/","title":{"rendered":"Talleres para ni\u00f1xs y adolescentes"},"content":{"rendered":"\t\t<div data-elementor-type=\"wp-page\" data-elementor-id=\"2039\" class=\"elementor elementor-2039 elementor-1494\" data-elementor-post-type=\"page\">\n\t\t\t\t<div class=\"elementor-element elementor-element-bc2d92b e-con-full e-flex e-con e-parent\" data-id=\"bc2d92b\" data-element_type=\"container\" data-e-type=\"container\" data-settings=\"{&quot;background_background&quot;:&quot;classic&quot;}\">\n\t\t<div class=\"elementor-element elementor-element-6c061bd e-con-full e-flex e-con e-child\" data-id=\"6c061bd\" data-element_type=\"container\" data-e-type=\"container\">\n\t\t\t\t<div class=\"elementor-element elementor-element-a7163ee elementor-widget elementor-widget-heading\" data-id=\"a7163ee\" data-element_type=\"widget\" data-e-type=\"widget\" data-widget_type=\"heading.default\">\n\t\t\t\t<div class=\"elementor-widget-container\">\n\t\t\t\t\t<h1 class=\"elementor-heading-title elementor-size-default\">Talleres para ni\u00f1xs y adolescentes<\/h1>\t\t\t\t<\/div>\n\t\t\t\t<\/div>\n\t\t\t\t<\/div>\n\t\t\t\t<\/div>\n\t\t<div class=\"elementor-element elementor-element-40ec1d6 e-con-full e-flex e-con e-parent\" data-id=\"40ec1d6\" data-element_type=\"container\" data-e-type=\"container\" data-settings=\"{&quot;background_background&quot;:&quot;classic&quot;}\">\n\t\t<div class=\"elementor-element elementor-element-9ec5fb4 e-con-full e-flex e-con e-child\" data-id=\"9ec5fb4\" data-element_type=\"container\" data-e-type=\"container\">\n\t\t\t\t<div class=\"elementor-element elementor-element-ab2988e elementor-widget elementor-widget-heading\" data-id=\"ab2988e\" data-element_type=\"widget\" data-e-type=\"widget\" data-widget_type=\"heading.default\">\n\t\t\t\t<div class=\"elementor-widget-container\">\n\t\t\t\t\t<h2 class=\"elementor-heading-title elementor-size-default\">Proponemos unos talleres donde los ni\u00f1os y ni\u00f1as puedan vivenciar en primera persona y a trav\u00e9s de din\u00e1micas divertidas y transformadoras los temas que queremos trabajar.<\/h2>\t\t\t\t<\/div>\n\t\t\t\t<\/div>\n\t\t\t\t<div class=\"elementor-element elementor-element-556aeac elementor-widget elementor-widget-image\" data-id=\"556aeac\" data-element_type=\"widget\" data-e-type=\"widget\" data-widget_type=\"image.default\">\n\t\t\t\t<div class=\"elementor-widget-container\">\n\t\t\t\t\t\t\t\t\t\t\t\t\t\t\t<img fetchpriority=\"high\" decoding=\"async\" width=\"190\" height=\"320\" src=\"https:\/\/www.fildeariane.com\/wp-content\/uploads\/2021\/01\/fil.png\" class=\"attachment-full size-full wp-image-1979\" alt=\"fil\" srcset=\"https:\/\/www.fildeariane.com\/wp-content\/uploads\/2021\/01\/fil.png 190w, https:\/\/www.fildeariane.com\/wp-content\/uploads\/2021\/01\/fil-178x300.png 178w\" sizes=\"(max-width: 190px) 100vw, 190px\" \/>\t\t\t\t\t\t\t\t\t\t\t\t\t\t\t<\/div>\n\t\t\t\t<\/div>\n\t\t\t\t<div class=\"elementor-element elementor-element-07aa05f elementor-widget elementor-widget-text-editor\" data-id=\"07aa05f\" data-element_type=\"widget\" data-e-type=\"widget\" data-widget_type=\"text-editor.default\">\n\t\t\t\t<div class=\"elementor-widget-container\">\n\t\t\t\t\t\t\t\t\t<p>Los talleres que m\u00e1s nos piden son:<\/p>\n\t\t\t\t\t\t\t\t<\/div>\n\t\t\t\t<\/div>\n\t\t\t\t<\/div>\n\t\t\t\t<\/div>\n\t\t<div class=\"elementor-element elementor-element-8c0a383 e-flex e-con-boxed e-con e-parent\" data-id=\"8c0a383\" data-element_type=\"container\" data-e-type=\"container\">\n\t\t\t\t\t<div class=\"e-con-inner\">\n\t\t<div class=\"elementor-element elementor-element-1cc0af5 e-con-full e-flex e-con e-child\" data-id=\"1cc0af5\" data-element_type=\"container\" data-e-type=\"container\" data-settings=\"{&quot;background_background&quot;:&quot;classic&quot;}\">\n\t\t\t\t<div class=\"elementor-element elementor-element-2a4c1d7 elementor-widget elementor-widget-image\" data-id=\"2a4c1d7\" data-element_type=\"widget\" data-e-type=\"widget\" data-widget_type=\"image.default\">\n\t\t\t\t<div class=\"elementor-widget-container\">\n\t\t\t\t\t\t\t\t\t\t\t\t\t\t\t<img decoding=\"async\" width=\"1920\" height=\"1080\" src=\"https:\/\/www.fildeariane.com\/wp-content\/uploads\/2024\/10\/a-laltre-costat-de-les-pantalles.jpg\" class=\"attachment-full size-full wp-image-2473\" alt=\"taller a l&#039;altre costat de les pantalles\" srcset=\"https:\/\/www.fildeariane.com\/wp-content\/uploads\/2024\/10\/a-laltre-costat-de-les-pantalles.jpg 1920w, https:\/\/www.fildeariane.com\/wp-content\/uploads\/2024\/10\/a-laltre-costat-de-les-pantalles-300x169.jpg 300w, https:\/\/www.fildeariane.com\/wp-content\/uploads\/2024\/10\/a-laltre-costat-de-les-pantalles-1024x576.jpg 1024w, https:\/\/www.fildeariane.com\/wp-content\/uploads\/2024\/10\/a-laltre-costat-de-les-pantalles-768x432.jpg 768w, https:\/\/www.fildeariane.com\/wp-content\/uploads\/2024\/10\/a-laltre-costat-de-les-pantalles-1536x864.jpg 1536w\" sizes=\"(max-width: 1920px) 100vw, 1920px\" \/>\t\t\t\t\t\t\t\t\t\t\t\t\t\t\t<\/div>\n\t\t\t\t<\/div>\n\t\t\t\t<div class=\"elementor-element elementor-element-22e5ea2 elementor-widget elementor-widget-heading\" data-id=\"22e5ea2\" data-element_type=\"widget\" data-e-type=\"widget\" data-widget_type=\"heading.default\">\n\t\t\t\t<div class=\"elementor-widget-container\">\n\t\t\t\t\t<h2 class=\"elementor-heading-title elementor-size-default\">Al otro lado de las pantallas<\/h2>\t\t\t\t<\/div>\n\t\t\t\t<\/div>\n\t\t\t\t<div class=\"elementor-element elementor-element-872e0f1 elementor-widget elementor-widget-text-editor\" data-id=\"872e0f1\" data-element_type=\"widget\" data-e-type=\"widget\" data-widget_type=\"text-editor.default\">\n\t\t\t\t<div class=\"elementor-widget-container\">\n\t\t\t\t\t\t\t\t\t<p>Para ni\u00f1os de <strong>5\u00ba y 6\u00ba de primaria<\/strong>.<\/p>\n<p>Conectar con las emociones y <strong>sensaciones que nos provocan el uso de pantallas<\/strong> y lograr herramientas para gestionarlo.<\/p>\n<p>C\u00f3mo intervienen las pantallas en nuestras <strong>relaciones sociales y familiares<\/strong>.<\/p>\n<p>\u00c1mbito <strong>p\u00fablico y privado<\/strong>.<\/p>\n<p><strong>Riesgos<\/strong> de exponernos en las <strong>redes<\/strong>.<\/p>\n<p>Sentimiento de <strong>pertenencia al grupo<\/strong> y <strong>ciberbullying<\/strong>.<\/p>\n\t\t\t\t\t\t\t\t<\/div>\n\t\t\t\t<\/div>\n\t\t\t\t<div class=\"elementor-element elementor-element-70601a9 elementor-widget elementor-widget-text-editor\" data-id=\"70601a9\" data-element_type=\"widget\" data-e-type=\"widget\" data-widget_type=\"text-editor.default\">\n\t\t\t\t<div class=\"elementor-widget-container\">\n\t\t\t\t\t\t\t\t\t<p>Taller de 60-75 min: 230 \u20ac<\/p>\n\t\t\t\t\t\t\t\t<\/div>\n\t\t\t\t<\/div>\n\t\t\t\t<div class=\"elementor-element elementor-element-ebb42fb elementor-align-center elementor-widget elementor-widget-button\" data-id=\"ebb42fb\" data-element_type=\"widget\" data-e-type=\"widget\" data-widget_type=\"button.default\">\n\t\t\t\t<div class=\"elementor-widget-container\">\n\t\t\t\t\t\t\t\t\t<div class=\"elementor-button-wrapper\">\n\t\t\t\t\t<a class=\"elementor-button elementor-button-link elementor-size-sm\" href=\"https:\/\/www.fildeariane.com\/es\/contacto\/\">\n\t\t\t\t\t\t<span class=\"elementor-button-content-wrapper\">\n\t\t\t\t\t\t\t\t\t<span class=\"elementor-button-text\">Taller de 60-75 min: 230 \u20ac<\/span>\n\t\t\t\t\t<\/span>\n\t\t\t\t\t<\/a>\n\t\t\t\t<\/div>\n\t\t\t\t\t\t\t\t<\/div>\n\t\t\t\t<\/div>\n\t\t\t\t<\/div>\n\t\t<div class=\"elementor-element elementor-element-0d31dbe e-con-full e-flex e-con e-child\" data-id=\"0d31dbe\" data-element_type=\"container\" data-e-type=\"container\" data-settings=\"{&quot;background_background&quot;:&quot;classic&quot;}\">\n\t\t\t\t<div class=\"elementor-element elementor-element-3162c0e elementor-widget elementor-widget-image\" data-id=\"3162c0e\" data-element_type=\"widget\" data-e-type=\"widget\" data-widget_type=\"image.default\">\n\t\t\t\t<div class=\"elementor-widget-container\">\n\t\t\t\t\t\t\t\t\t\t\t\t\t\t\t<img decoding=\"async\" width=\"1920\" height=\"1080\" src=\"https:\/\/www.fildeariane.com\/wp-content\/uploads\/2024\/10\/vivim-la-diversitat.jpg\" class=\"attachment-full size-full wp-image-2475\" alt=\"taller sobre diversitat\" srcset=\"https:\/\/www.fildeariane.com\/wp-content\/uploads\/2024\/10\/vivim-la-diversitat.jpg 1920w, https:\/\/www.fildeariane.com\/wp-content\/uploads\/2024\/10\/vivim-la-diversitat-300x169.jpg 300w, https:\/\/www.fildeariane.com\/wp-content\/uploads\/2024\/10\/vivim-la-diversitat-1024x576.jpg 1024w, https:\/\/www.fildeariane.com\/wp-content\/uploads\/2024\/10\/vivim-la-diversitat-768x432.jpg 768w, https:\/\/www.fildeariane.com\/wp-content\/uploads\/2024\/10\/vivim-la-diversitat-1536x864.jpg 1536w\" sizes=\"(max-width: 1920px) 100vw, 1920px\" \/>\t\t\t\t\t\t\t\t\t\t\t\t\t\t\t<\/div>\n\t\t\t\t<\/div>\n\t\t\t\t<div class=\"elementor-element elementor-element-37a48df elementor-widget elementor-widget-heading\" data-id=\"37a48df\" data-element_type=\"widget\" data-e-type=\"widget\" data-widget_type=\"heading.default\">\n\t\t\t\t<div class=\"elementor-widget-container\">\n\t\t\t\t\t<h2 class=\"elementor-heading-title elementor-size-default\">Vivimos la diversidad en el aula<\/h2>\t\t\t\t<\/div>\n\t\t\t\t<\/div>\n\t\t\t\t<div class=\"elementor-element elementor-element-a6ba4d4 elementor-widget elementor-widget-text-editor\" data-id=\"a6ba4d4\" data-element_type=\"widget\" data-e-type=\"widget\" data-widget_type=\"text-editor.default\">\n\t\t\t\t<div class=\"elementor-widget-container\">\n\t\t\t\t\t\t\t\t\t<p>Para ni\u00f1os y ni\u00f1as de <strong>3\u00ba y 4\u00ba de primaria<\/strong>.<\/p>\n<p>A trav\u00e9s de din\u00e1micas, vivenciamos el <strong>respecto a la diversidad<\/strong> entre los ni\u00f1os.<\/p>\n<p>Ofrecemos <strong>herramientas para la resoluci\u00f3n de conflictos<\/strong> entre el alumnado.<\/p>\n<p>Resolvemos <strong>dudas e inquietudes<\/strong> sobre la diversidad fomentando la <strong>inclusi\u00f3n educativa<\/strong>.<\/p>\n\t\t\t\t\t\t\t\t<\/div>\n\t\t\t\t<\/div>\n\t\t\t\t<div class=\"elementor-element elementor-element-daec890 elementor-widget elementor-widget-text-editor\" data-id=\"daec890\" data-element_type=\"widget\" data-e-type=\"widget\" data-widget_type=\"text-editor.default\">\n\t\t\t\t<div class=\"elementor-widget-container\">\n\t\t\t\t\t\t\t\t\t<p>Taller de 60-75 min: 230 \u20ac<\/p>\n\t\t\t\t\t\t\t\t<\/div>\n\t\t\t\t<\/div>\n\t\t\t\t<div class=\"elementor-element elementor-element-f486a10 elementor-align-center elementor-widget elementor-widget-button\" data-id=\"f486a10\" data-element_type=\"widget\" data-e-type=\"widget\" data-widget_type=\"button.default\">\n\t\t\t\t<div class=\"elementor-widget-container\">\n\t\t\t\t\t\t\t\t\t<div class=\"elementor-button-wrapper\">\n\t\t\t\t\t<a class=\"elementor-button elementor-button-link elementor-size-sm\" href=\"https:\/\/www.fildeariane.com\/es\/contacto\/\">\n\t\t\t\t\t\t<span class=\"elementor-button-content-wrapper\">\n\t\t\t\t\t\t\t\t\t<span class=\"elementor-button-text\">M\u00e1s informaci\u00f3n<\/span>\n\t\t\t\t\t<\/span>\n\t\t\t\t\t<\/a>\n\t\t\t\t<\/div>\n\t\t\t\t\t\t\t\t<\/div>\n\t\t\t\t<\/div>\n\t\t\t\t<\/div>\n\t\t<div class=\"elementor-element elementor-element-ffd2fb8 e-con-full e-flex e-con e-child\" data-id=\"ffd2fb8\" data-element_type=\"container\" data-e-type=\"container\" data-settings=\"{&quot;background_background&quot;:&quot;classic&quot;}\">\n\t\t\t\t<div class=\"elementor-element elementor-element-796ffe4 elementor-widget elementor-widget-image\" data-id=\"796ffe4\" data-element_type=\"widget\" data-e-type=\"widget\" data-widget_type=\"image.default\">\n\t\t\t\t<div class=\"elementor-widget-container\">\n\t\t\t\t\t\t\t\t\t\t\t\t\t\t\t<img loading=\"lazy\" decoding=\"async\" width=\"1920\" height=\"1080\" src=\"https:\/\/www.fildeariane.com\/wp-content\/uploads\/2024\/10\/Tallers-personalitzats-1.jpg\" class=\"attachment-full size-full wp-image-2410\" alt=\"Tallers personalitzats fildariane\" srcset=\"https:\/\/www.fildeariane.com\/wp-content\/uploads\/2024\/10\/Tallers-personalitzats-1.jpg 1920w, https:\/\/www.fildeariane.com\/wp-content\/uploads\/2024\/10\/Tallers-personalitzats-1-300x169.jpg 300w, https:\/\/www.fildeariane.com\/wp-content\/uploads\/2024\/10\/Tallers-personalitzats-1-1024x576.jpg 1024w, https:\/\/www.fildeariane.com\/wp-content\/uploads\/2024\/10\/Tallers-personalitzats-1-768x432.jpg 768w, https:\/\/www.fildeariane.com\/wp-content\/uploads\/2024\/10\/Tallers-personalitzats-1-1536x864.jpg 1536w\" sizes=\"(max-width: 1920px) 100vw, 1920px\" \/>\t\t\t\t\t\t\t\t\t\t\t\t\t\t\t<\/div>\n\t\t\t\t<\/div>\n\t\t\t\t<div class=\"elementor-element elementor-element-e9f86ad elementor-widget elementor-widget-heading\" data-id=\"e9f86ad\" data-element_type=\"widget\" data-e-type=\"widget\" data-widget_type=\"heading.default\">\n\t\t\t\t<div class=\"elementor-widget-container\">\n\t\t\t\t\t<h2 class=\"elementor-heading-title elementor-size-default\">Talleres personalizados<\/h2>\t\t\t\t<\/div>\n\t\t\t\t<\/div>\n\t\t\t\t<div class=\"elementor-element elementor-element-3aa6ef5 elementor-widget elementor-widget-text-editor\" data-id=\"3aa6ef5\" data-element_type=\"widget\" data-e-type=\"widget\" data-widget_type=\"text-editor.default\">\n\t\t\t\t<div class=\"elementor-widget-container\">\n\t\t\t\t\t\t\t\t\t<p>Tienes alg\u00fan <strong>tema que te preocupe<\/strong> y que quieres trabajar?<\/p>\n<p>\u00a1H\u00e1znoslo saber y lo dise\u00f1amos juntas!<\/p>\n\t\t\t\t\t\t\t\t<\/div>\n\t\t\t\t<\/div>\n\t\t\t\t<div class=\"elementor-element elementor-element-a740a4e elementor-align-center elementor-widget elementor-widget-button\" data-id=\"a740a4e\" data-element_type=\"widget\" data-e-type=\"widget\" data-widget_type=\"button.default\">\n\t\t\t\t<div class=\"elementor-widget-container\">\n\t\t\t\t\t\t\t\t\t<div class=\"elementor-button-wrapper\">\n\t\t\t\t\t<a class=\"elementor-button elementor-button-link elementor-size-sm\" href=\"https:\/\/www.fildeariane.com\/es\/contacto\/\">\n\t\t\t\t\t\t<span class=\"elementor-button-content-wrapper\">\n\t\t\t\t\t\t\t\t\t<span class=\"elementor-button-text\">Precio de sesi\u00f3n a determinar<\/span>\n\t\t\t\t\t<\/span>\n\t\t\t\t\t<\/a>\n\t\t\t\t<\/div>\n\t\t\t\t\t\t\t\t<\/div>\n\t\t\t\t<\/div>\n\t\t\t\t<\/div>\n\t\t\t\t\t<\/div>\n\t\t\t\t<\/div>\n\t\t\t\t<\/div>\n\t\t","protected":false},"excerpt":{"rendered":"<p>Talleres para ni\u00f1xs y adolescentes Proponemos unos talleres donde los ni\u00f1os y ni\u00f1as puedan vivenciar en primera persona y a trav\u00e9s de din\u00e1micas divertidas y transformadoras los temas que queremos trabajar. Los talleres que m\u00e1s nos piden son: Al otro lado de las pantallas Para ni\u00f1os de 5\u00ba y 6\u00ba de primaria. Conectar con las [&hellip;]<\/p>\n","protected":false},"author":3,"featured_media":0,"parent":0,"menu_order":2,"comment_status":"closed","ping_status":"closed","template":"","meta":{"footnotes":""},"class_list":["post-2039","page","type-page","status-publish","hentry"],"_links":{"self":[{"href":"https:\/\/www.fildeariane.com\/es\/wp-json\/wp\/v2\/pages\/2039","targetHints":{"allow":["GET"]}}],"collection":[{"href":"https:\/\/www.fildeariane.com\/es\/wp-json\/wp\/v2\/pages"}],"about":[{"href":"https:\/\/www.fildeariane.com\/es\/wp-json\/wp\/v2\/types\/page"}],"author":[{"embeddable":true,"href":"https:\/\/www.fildeariane.com\/es\/wp-json\/wp\/v2\/users\/3"}],"replies":[{"embeddable":true,"href":"https:\/\/www.fildeariane.com\/es\/wp-json\/wp\/v2\/comments?post=2039"}],"version-history":[{"count":1,"href":"https:\/\/www.fildeariane.com\/es\/wp-json\/wp\/v2\/pages\/2039\/revisions"}],"predecessor-version":[{"id":3123,"href":"https:\/\/www.fildeariane.com\/es\/wp-json\/wp\/v2\/pages\/2039\/revisions\/3123"}],"wp:attachment":[{"href":"https:\/\/www.fildeariane.com\/es\/wp-json\/wp\/v2\/media?parent=2039"}],"curies":[{"name":"wp","href":"https:\/\/api.w.org\/{rel}","templated":true}]}}