{"id":2033,"date":"2021-01-26T13:21:20","date_gmt":"2021-01-26T12:21:20","guid":{"rendered":"https:\/\/www.fildeariane.com\/equipo\/"},"modified":"2026-04-13T17:46:31","modified_gmt":"2026-04-13T15:46:31","slug":"equipo","status":"publish","type":"page","link":"https:\/\/www.fildeariane.com\/es\/equipo\/","title":{"rendered":"Equipo"},"content":{"rendered":"\t\t<div data-elementor-type=\"wp-page\" data-elementor-id=\"2033\" class=\"elementor elementor-2033 elementor-1576\" data-elementor-post-type=\"page\">\n\t\t\t\t<div class=\"elementor-element elementor-element-d298513 e-con-full e-flex e-con e-parent\" data-id=\"d298513\" data-element_type=\"container\" data-e-type=\"container\" data-settings=\"{&quot;background_background&quot;:&quot;classic&quot;}\">\n\t\t<div class=\"elementor-element elementor-element-368ba0a e-con-full e-flex e-con e-child\" data-id=\"368ba0a\" data-element_type=\"container\" data-e-type=\"container\">\n\t\t\t\t<div class=\"elementor-element elementor-element-8a56e4d elementor-widget elementor-widget-heading\" data-id=\"8a56e4d\" data-element_type=\"widget\" data-e-type=\"widget\" data-widget_type=\"heading.default\">\n\t\t\t\t<div class=\"elementor-widget-container\">\n\t\t\t\t\t<h1 class=\"elementor-heading-title elementor-size-default\">\u00bfQui\u00e9nes somos Fil d'Ariane?<\/h1>\t\t\t\t<\/div>\n\t\t\t\t<\/div>\n\t\t\t\t<\/div>\n\t\t\t\t<\/div>\n\t\t<div class=\"elementor-element elementor-element-067b34e e-con-full e-flex e-con e-parent\" data-id=\"067b34e\" data-element_type=\"container\" data-e-type=\"container\" data-settings=\"{&quot;background_background&quot;:&quot;classic&quot;}\">\n\t\t<div class=\"elementor-element elementor-element-84dcfe1 e-con-full e-flex e-con e-child\" data-id=\"84dcfe1\" data-element_type=\"container\" data-e-type=\"container\">\n\t\t\t\t<div class=\"elementor-element elementor-element-187f3d3 elementor-widget elementor-widget-heading\" data-id=\"187f3d3\" data-element_type=\"widget\" data-e-type=\"widget\" data-widget_type=\"heading.default\">\n\t\t\t\t<div class=\"elementor-widget-container\">\n\t\t\t\t\t<h2 class=\"elementor-heading-title elementor-size-default\">Despu\u00e9s de recorrer diferentes caminos, nos unimos a Fil d\u2019Ariane para aportar nuestra experiencia profesional de m\u00e1s de 20 a\u00f1os en el mundo de la educaci\u00f3n y el acompa\u00f1amiento emocional.<\/h2>\t\t\t\t<\/div>\n\t\t\t\t<\/div>\n\t\t\t\t<div class=\"elementor-element elementor-element-d0075c9 elementor-widget elementor-widget-image\" data-id=\"d0075c9\" data-element_type=\"widget\" data-e-type=\"widget\" data-widget_type=\"image.default\">\n\t\t\t\t<div class=\"elementor-widget-container\">\n\t\t\t\t\t\t\t\t\t\t\t\t\t\t\t<img fetchpriority=\"high\" decoding=\"async\" width=\"190\" height=\"320\" src=\"https:\/\/www.fildeariane.com\/wp-content\/uploads\/2021\/01\/fil.png\" class=\"attachment-full size-full wp-image-1979\" alt=\"fil\" srcset=\"https:\/\/www.fildeariane.com\/wp-content\/uploads\/2021\/01\/fil.png 190w, https:\/\/www.fildeariane.com\/wp-content\/uploads\/2021\/01\/fil-178x300.png 178w\" sizes=\"(max-width: 190px) 100vw, 190px\" \/>\t\t\t\t\t\t\t\t\t\t\t\t\t\t\t<\/div>\n\t\t\t\t<\/div>\n\t\t\t\t<div class=\"elementor-element elementor-element-e707a05 elementor-widget elementor-widget-heading\" data-id=\"e707a05\" data-element_type=\"widget\" data-e-type=\"widget\" data-widget_type=\"heading.default\">\n\t\t\t\t<div class=\"elementor-widget-container\">\n\t\t\t\t\t<h2 class=\"elementor-heading-title elementor-size-default\">El equipo de Fil d'Ariane<\/h2>\t\t\t\t<\/div>\n\t\t\t\t<\/div>\n\t\t\t\t<\/div>\n\t\t\t\t<\/div>\n\t\t<div class=\"elementor-element elementor-element-ee3742e e-con-full e-flex e-con e-parent\" data-id=\"ee3742e\" data-element_type=\"container\" data-e-type=\"container\" data-settings=\"{&quot;background_background&quot;:&quot;classic&quot;}\">\n\t\t<div class=\"elementor-element elementor-element-85c1ac4 e-con-full e-flex e-con e-child\" data-id=\"85c1ac4\" data-element_type=\"container\" data-e-type=\"container\" data-settings=\"{&quot;background_background&quot;:&quot;classic&quot;}\">\n\t\t\t\t<div class=\"elementor-element elementor-element-8665f40 elementor-widget elementor-widget-image\" data-id=\"8665f40\" data-element_type=\"widget\" data-e-type=\"widget\" data-widget_type=\"image.default\">\n\t\t\t\t<div class=\"elementor-widget-container\">\n\t\t\t\t\t\t\t\t\t\t\t\t\t\t\t<img decoding=\"async\" width=\"212\" height=\"212\" src=\"https:\/\/www.fildeariane.com\/wp-content\/uploads\/2026\/04\/anna-colomes-fildeariane.webp\" class=\"attachment-full size-full wp-image-3160\" alt=\"anna colomes fildeariane\" srcset=\"https:\/\/www.fildeariane.com\/wp-content\/uploads\/2026\/04\/anna-colomes-fildeariane.webp 212w, https:\/\/www.fildeariane.com\/wp-content\/uploads\/2026\/04\/anna-colomes-fildeariane-150x150.webp 150w\" sizes=\"(max-width: 212px) 100vw, 212px\" \/>\t\t\t\t\t\t\t\t\t\t\t\t\t\t\t<\/div>\n\t\t\t\t<\/div>\n\t\t\t\t<div class=\"elementor-element elementor-element-d62bd52 elementor-widget elementor-widget-heading\" data-id=\"d62bd52\" data-element_type=\"widget\" data-e-type=\"widget\" data-widget_type=\"heading.default\">\n\t\t\t\t<div class=\"elementor-widget-container\">\n\t\t\t\t\t<h2 class=\"elementor-heading-title elementor-size-default\">Anna Colom\u00e9s<\/h2>\t\t\t\t<\/div>\n\t\t\t\t<\/div>\n\t\t\t\t<div class=\"elementor-element elementor-element-ae70c7f elementor-widget elementor-widget-text-editor\" data-id=\"ae70c7f\" data-element_type=\"widget\" data-e-type=\"widget\" data-widget_type=\"text-editor.default\">\n\t\t\t\t<div class=\"elementor-widget-container\">\n\t\t\t\t\t\t\t\t\t<p><b>Asesora educativa<\/b>, <b>maestra<\/b> de audici\u00f3n y lenguaje, formada en <b>Terapia Gestalt <\/b>y en neuroeducaci\u00f3n. Especialista en <b>inclusi\u00f3n educativa y diversidad de aprendizaje<\/b>.<\/p>\n\t\t\t\t\t\t\t\t<\/div>\n\t\t\t\t<\/div>\n\t\t\t\t<\/div>\n\t\t<div class=\"elementor-element elementor-element-247a80b e-con-full e-flex e-con e-child\" data-id=\"247a80b\" data-element_type=\"container\" data-e-type=\"container\" data-settings=\"{&quot;background_background&quot;:&quot;classic&quot;}\">\n\t\t\t\t<div class=\"elementor-element elementor-element-f0be60f elementor-widget elementor-widget-image\" data-id=\"f0be60f\" data-element_type=\"widget\" data-e-type=\"widget\" data-widget_type=\"image.default\">\n\t\t\t\t<div class=\"elementor-widget-container\">\n\t\t\t\t\t\t\t\t\t\t\t\t\t\t\t<img decoding=\"async\" width=\"827\" height=\"819\" src=\"https:\/\/www.fildeariane.com\/wp-content\/uploads\/2024\/10\/juana-fil-dariane.webp\" class=\"attachment-full size-full wp-image-2385\" alt=\"juana fil d&#039;ariane\" srcset=\"https:\/\/www.fildeariane.com\/wp-content\/uploads\/2024\/10\/juana-fil-dariane.webp 827w, https:\/\/www.fildeariane.com\/wp-content\/uploads\/2024\/10\/juana-fil-dariane-300x297.webp 300w, https:\/\/www.fildeariane.com\/wp-content\/uploads\/2024\/10\/juana-fil-dariane-150x150.webp 150w, https:\/\/www.fildeariane.com\/wp-content\/uploads\/2024\/10\/juana-fil-dariane-768x761.webp 768w\" sizes=\"(max-width: 827px) 100vw, 827px\" \/>\t\t\t\t\t\t\t\t\t\t\t\t\t\t\t<\/div>\n\t\t\t\t<\/div>\n\t\t\t\t<div class=\"elementor-element elementor-element-d2514e0 elementor-widget elementor-widget-heading\" data-id=\"d2514e0\" data-element_type=\"widget\" data-e-type=\"widget\" data-widget_type=\"heading.default\">\n\t\t\t\t<div class=\"elementor-widget-container\">\n\t\t\t\t\t<h2 class=\"elementor-heading-title elementor-size-default\">Juana Arango<\/h2>\t\t\t\t<\/div>\n\t\t\t\t<\/div>\n\t\t\t\t<div class=\"elementor-element elementor-element-27101e0 elementor-widget elementor-widget-text-editor\" data-id=\"27101e0\" data-element_type=\"widget\" data-e-type=\"widget\" data-widget_type=\"text-editor.default\">\n\t\t\t\t<div class=\"elementor-widget-container\">\n\t\t\t\t\t\t\t\t\t<p><strong>Psic\u00f3loga<\/strong> terapeuta integrativa, formada en Trauma, apego y <strong>Terapia Gestalt<\/strong>, terapeuta de <strong>parejas<\/strong> y acompa\u00f1ante de <strong>procesos de familia e infancia<\/strong>.<\/p>\n\t\t\t\t\t\t\t\t<\/div>\n\t\t\t\t<\/div>\n\t\t\t\t<\/div>\n\t\t<div class=\"elementor-element elementor-element-65c1e72 e-con-full e-flex e-con e-child\" data-id=\"65c1e72\" data-element_type=\"container\" data-e-type=\"container\" data-settings=\"{&quot;background_background&quot;:&quot;classic&quot;}\">\n\t\t\t\t<div class=\"elementor-element elementor-element-6e185e5 elementor-widget elementor-widget-image\" data-id=\"6e185e5\" data-element_type=\"widget\" data-e-type=\"widget\" data-widget_type=\"image.default\">\n\t\t\t\t<div class=\"elementor-widget-container\">\n\t\t\t\t\t\t\t\t\t\t\t\t\t\t\t<img loading=\"lazy\" decoding=\"async\" width=\"357\" height=\"357\" src=\"https:\/\/www.fildeariane.com\/wp-content\/uploads\/2026\/04\/sonia-martinez-fildeariane.webp\" class=\"attachment-full size-full wp-image-3159\" alt=\"sonia martinez fildeariane\" srcset=\"https:\/\/www.fildeariane.com\/wp-content\/uploads\/2026\/04\/sonia-martinez-fildeariane.webp 357w, https:\/\/www.fildeariane.com\/wp-content\/uploads\/2026\/04\/sonia-martinez-fildeariane-300x300.webp 300w, https:\/\/www.fildeariane.com\/wp-content\/uploads\/2026\/04\/sonia-martinez-fildeariane-150x150.webp 150w\" sizes=\"(max-width: 357px) 100vw, 357px\" \/>\t\t\t\t\t\t\t\t\t\t\t\t\t\t\t<\/div>\n\t\t\t\t<\/div>\n\t\t\t\t<div class=\"elementor-element elementor-element-96c7df3 elementor-widget elementor-widget-heading\" data-id=\"96c7df3\" data-element_type=\"widget\" data-e-type=\"widget\" data-widget_type=\"heading.default\">\n\t\t\t\t<div class=\"elementor-widget-container\">\n\t\t\t\t\t<h2 class=\"elementor-heading-title elementor-size-default\">S\u00f2nia Mart\u00ednez<\/h2>\t\t\t\t<\/div>\n\t\t\t\t<\/div>\n\t\t\t\t<div class=\"elementor-element elementor-element-781a290 elementor-widget elementor-widget-text-editor\" data-id=\"781a290\" data-element_type=\"widget\" data-e-type=\"widget\" data-widget_type=\"text-editor.default\">\n\t\t\t\t<div class=\"elementor-widget-container\">\n\t\t\t\t\t\t\t\t\t<p><b>Terapeuta<\/b> Gestalt y Sandplay therapy (terapia del juego y del inconsciente). <b>Especialista en infancia y familia<\/b> desde una mirada <b>sist\u00e9mica<\/b>.<\/p>\n\t\t\t\t\t\t\t\t<\/div>\n\t\t\t\t<\/div>\n\t\t\t\t<\/div>\n\t\t\t\t<\/div>\n\t\t<div class=\"elementor-element elementor-element-7b9b212 e-con-full e-flex e-con e-parent\" data-id=\"7b9b212\" data-element_type=\"container\" data-e-type=\"container\" data-settings=\"{&quot;background_background&quot;:&quot;classic&quot;}\">\n\t\t<div class=\"elementor-element elementor-element-63cb64c e-con-full e-flex e-con e-child\" data-id=\"63cb64c\" data-element_type=\"container\" data-e-type=\"container\" data-settings=\"{&quot;background_background&quot;:&quot;classic&quot;}\">\n\t\t\t\t<div class=\"elementor-element elementor-element-4acd1ea elementor-widget elementor-widget-image\" data-id=\"4acd1ea\" data-element_type=\"widget\" data-e-type=\"widget\" data-widget_type=\"image.default\">\n\t\t\t\t<div class=\"elementor-widget-container\">\n\t\t\t\t\t\t\t\t\t\t\t\t\t\t\t<img loading=\"lazy\" decoding=\"async\" width=\"212\" height=\"212\" src=\"https:\/\/www.fildeariane.com\/wp-content\/uploads\/2026\/04\/helena-ramon-fildeariane.jpg\" class=\"attachment-full size-full wp-image-3158\" alt=\"\" srcset=\"https:\/\/www.fildeariane.com\/wp-content\/uploads\/2026\/04\/helena-ramon-fildeariane.jpg 212w, https:\/\/www.fildeariane.com\/wp-content\/uploads\/2026\/04\/helena-ramon-fildeariane-150x150.jpg 150w\" sizes=\"(max-width: 212px) 100vw, 212px\" \/>\t\t\t\t\t\t\t\t\t\t\t\t\t\t\t<\/div>\n\t\t\t\t<\/div>\n\t\t\t\t<div class=\"elementor-element elementor-element-190b4a6 elementor-widget elementor-widget-heading\" data-id=\"190b4a6\" data-element_type=\"widget\" data-e-type=\"widget\" data-widget_type=\"heading.default\">\n\t\t\t\t<div class=\"elementor-widget-container\">\n\t\t\t\t\t<h2 class=\"elementor-heading-title elementor-size-default\">Helena Ram\u00f3n<\/h2>\t\t\t\t<\/div>\n\t\t\t\t<\/div>\n\t\t\t\t<div class=\"elementor-element elementor-element-9b9faf9 elementor-widget elementor-widget-text-editor\" data-id=\"9b9faf9\" data-element_type=\"widget\" data-e-type=\"widget\" data-widget_type=\"text-editor.default\">\n\t\t\t\t<div class=\"elementor-widget-container\">\n\t\t\t\t\t\t\t\t\t<p><b>Maestra de educaci\u00f3n especial, <\/b>formada en<b> pedagog\u00eda Montessori<\/b> y especialista en ni\u00f1os, ni\u00f1as y adolescentes con<b> diversidad funcional<\/b>.<\/p>\n\t\t\t\t\t\t\t\t<\/div>\n\t\t\t\t<\/div>\n\t\t\t\t<\/div>\n\t\t<div class=\"elementor-element elementor-element-a477004 e-con-full e-flex e-con e-child\" data-id=\"a477004\" data-element_type=\"container\" data-e-type=\"container\" data-settings=\"{&quot;background_background&quot;:&quot;classic&quot;}\">\n\t\t\t\t<div class=\"elementor-element elementor-element-0d93e66 elementor-widget elementor-widget-image\" data-id=\"0d93e66\" data-element_type=\"widget\" data-e-type=\"widget\" data-widget_type=\"image.default\">\n\t\t\t\t<div class=\"elementor-widget-container\">\n\t\t\t\t\t\t\t\t\t\t\t\t\t\t\t<img loading=\"lazy\" decoding=\"async\" width=\"800\" height=\"960\" src=\"https:\/\/www.fildeariane.com\/wp-content\/uploads\/2024\/10\/techu-fil-dariane.webp\" class=\"attachment-full size-full wp-image-2387\" alt=\"techu fil d&#039;ariane\" srcset=\"https:\/\/www.fildeariane.com\/wp-content\/uploads\/2024\/10\/techu-fil-dariane.webp 800w, https:\/\/www.fildeariane.com\/wp-content\/uploads\/2024\/10\/techu-fil-dariane-250x300.webp 250w, https:\/\/www.fildeariane.com\/wp-content\/uploads\/2024\/10\/techu-fil-dariane-768x922.webp 768w\" sizes=\"(max-width: 800px) 100vw, 800px\" \/>\t\t\t\t\t\t\t\t\t\t\t\t\t\t\t<\/div>\n\t\t\t\t<\/div>\n\t\t\t\t<div class=\"elementor-element elementor-element-f8ad8aa elementor-widget elementor-widget-heading\" data-id=\"f8ad8aa\" data-element_type=\"widget\" data-e-type=\"widget\" data-widget_type=\"heading.default\">\n\t\t\t\t<div class=\"elementor-widget-container\">\n\t\t\t\t\t<h2 class=\"elementor-heading-title elementor-size-default\">Techu Hern\u00e1ndez<\/h2>\t\t\t\t<\/div>\n\t\t\t\t<\/div>\n\t\t\t\t<div class=\"elementor-element elementor-element-8b0810f elementor-widget elementor-widget-text-editor\" data-id=\"8b0810f\" data-element_type=\"widget\" data-e-type=\"widget\" data-widget_type=\"text-editor.default\">\n\t\t\t\t<div class=\"elementor-widget-container\">\n\t\t\t\t\t\t\t\t\t<p>Herrador de caballos. Dise\u00f1ador y creador de&nbsp;<strong>patios inclusivos, espacios naturales y permacultura<\/strong>.<\/p>\n\t\t\t\t\t\t\t\t<\/div>\n\t\t\t\t<\/div>\n\t\t\t\t<\/div>\n\t\t\t\t<\/div>\n\t\t\t\t<\/div>\n\t\t","protected":false},"excerpt":{"rendered":"<p>\u00bfQui\u00e9nes somos Fil d&#8217;Ariane? Despu\u00e9s de recorrer diferentes caminos, nos unimos a Fil d\u2019Ariane para aportar nuestra experiencia profesional de m\u00e1s de 20 a\u00f1os en el mundo de la educaci\u00f3n y el acompa\u00f1amiento emocional. El equipo de Fil d&#8217;Ariane Anna Colom\u00e9s Asesora educativa, maestra de audici\u00f3n y lenguaje, formada en Terapia Gestalt y en neuroeducaci\u00f3n. [&hellip;]<\/p>\n","protected":false},"author":3,"featured_media":0,"parent":0,"menu_order":7,"comment_status":"closed","ping_status":"closed","template":"","meta":{"footnotes":""},"class_list":["post-2033","page","type-page","status-publish","hentry"],"_links":{"self":[{"href":"https:\/\/www.fildeariane.com\/es\/wp-json\/wp\/v2\/pages\/2033","targetHints":{"allow":["GET"]}}],"collection":[{"href":"https:\/\/www.fildeariane.com\/es\/wp-json\/wp\/v2\/pages"}],"about":[{"href":"https:\/\/www.fildeariane.com\/es\/wp-json\/wp\/v2\/types\/page"}],"author":[{"embeddable":true,"href":"https:\/\/www.fildeariane.com\/es\/wp-json\/wp\/v2\/users\/3"}],"replies":[{"embeddable":true,"href":"https:\/\/www.fildeariane.com\/es\/wp-json\/wp\/v2\/comments?post=2033"}],"version-history":[{"count":1,"href":"https:\/\/www.fildeariane.com\/es\/wp-json\/wp\/v2\/pages\/2033\/revisions"}],"predecessor-version":[{"id":3161,"href":"https:\/\/www.fildeariane.com\/es\/wp-json\/wp\/v2\/pages\/2033\/revisions\/3161"}],"wp:attachment":[{"href":"https:\/\/www.fildeariane.com\/es\/wp-json\/wp\/v2\/media?parent=2033"}],"curies":[{"name":"wp","href":"https:\/\/api.w.org\/{rel}","templated":true}]}}