{"id":1082,"date":"2021-01-22T21:09:43","date_gmt":"2021-01-22T20:09:43","guid":{"rendered":"https:\/\/www.fildeariane.com\/?page_id=1082"},"modified":"2025-05-24T12:08:36","modified_gmt":"2025-05-24T10:08:36","slug":"inicio-2","status":"publish","type":"page","link":"https:\/\/www.fildeariane.com\/es\/","title":{"rendered":"Inicio"},"content":{"rendered":"\t\t<div data-elementor-type=\"wp-post\" data-elementor-id=\"1082\" class=\"elementor elementor-1082 elementor-1081\" data-elementor-post-type=\"page\">\n\t\t\t\t<div class=\"elementor-element elementor-element-a250fda e-con-full e-flex e-con e-parent\" data-id=\"a250fda\" data-element_type=\"container\" data-e-type=\"container\">\n\t\t<div class=\"elementor-element elementor-element-55d647c e-con-full e-flex e-con e-child\" data-id=\"55d647c\" data-element_type=\"container\" data-e-type=\"container\">\n\t\t\t\t<div class=\"elementor-element elementor-element-423e916 elementor-widget elementor-widget-image\" data-id=\"423e916\" data-element_type=\"widget\" data-e-type=\"widget\" data-widget_type=\"image.default\">\n\t\t\t\t<div class=\"elementor-widget-container\">\n\t\t\t\t\t\t\t\t\t\t\t\t\t\t\t<img decoding=\"async\" src=\"https:\/\/www.fildeariane.com\/wp-content\/uploads\/2021\/01\/fildeariane-acompanyament-emocional-max-1.jpg\" title=\"\" alt=\"diversitat d&#039;aprenentatge\" loading=\"lazy\" \/>\t\t\t\t\t\t\t\t\t\t\t\t\t\t\t<\/div>\n\t\t\t\t<\/div>\n\t\t\t\t<\/div>\n\t\t<div class=\"elementor-element elementor-element-45413ea e-con-full e-flex e-con e-child\" data-id=\"45413ea\" data-element_type=\"container\" data-e-type=\"container\">\n\t\t\t\t<div class=\"elementor-element elementor-element-5390e0a elementor-widget-mobile__width-initial elementor-widget elementor-widget-heading\" data-id=\"5390e0a\" data-element_type=\"widget\" data-e-type=\"widget\" data-widget_type=\"heading.default\">\n\t\t\t\t<div class=\"elementor-widget-container\">\n\t\t\t\t\t<h1 class=\"elementor-heading-title elementor-size-default\">Educaci\u00f3n y herramientas para transformar el mundo<\/h1>\t\t\t\t<\/div>\n\t\t\t\t<\/div>\n\t\t\t\t<div class=\"elementor-element elementor-element-c94f68b elementor-widget__width-initial elementor-widget-mobile__width-initial elementor-widget elementor-widget-text-editor\" data-id=\"c94f68b\" data-element_type=\"widget\" data-e-type=\"widget\" data-widget_type=\"text-editor.default\">\n\t\t\t\t<div class=\"elementor-widget-container\">\n\t\t\t\t\t\t\t\t\t<p>Fil d\u2019Ariane somos una <strong>cooperativa<\/strong> social y solidaria formada por diferentes <strong>especialistas del mundo de la educaci\u00f3n<\/strong> y la psicolog\u00eda con m\u00e1s de 20 a\u00f1os de experiencia.<\/p>\n<p>Acompa\u00f1amos a familias, ni\u00f1xs y equipos educativos.<\/p>\n\t\t\t\t\t\t\t\t<\/div>\n\t\t\t\t<\/div>\n\t\t\t\t<div class=\"elementor-element elementor-element-213b7a6 elementor-mobile-align-center elementor-widget elementor-widget-button\" data-id=\"213b7a6\" data-element_type=\"widget\" data-e-type=\"widget\" data-widget_type=\"button.default\">\n\t\t\t\t<div class=\"elementor-widget-container\">\n\t\t\t\t\t\t\t\t\t<div class=\"elementor-button-wrapper\">\n\t\t\t\t\t<a class=\"elementor-button elementor-button-link elementor-size-sm\" href=\"#serveis\">\n\t\t\t\t\t\t<span class=\"elementor-button-content-wrapper\">\n\t\t\t\t\t\t\t\t\t<span class=\"elementor-button-text\">saber m\u00e1s<\/span>\n\t\t\t\t\t<\/span>\n\t\t\t\t\t<\/a>\n\t\t\t\t<\/div>\n\t\t\t\t\t\t\t\t<\/div>\n\t\t\t\t<\/div>\n\t\t\t\t<div class=\"elementor-element elementor-element-ff6da10 elementor-widget elementor-widget-menu-anchor\" data-id=\"ff6da10\" data-element_type=\"widget\" data-e-type=\"widget\" data-widget_type=\"menu-anchor.default\">\n\t\t\t\t<div class=\"elementor-widget-container\">\n\t\t\t\t\t\t\t<div class=\"elementor-menu-anchor\" id=\"serveis\"><\/div>\n\t\t\t\t\t\t<\/div>\n\t\t\t\t<\/div>\n\t\t\t\t<\/div>\n\t\t\t\t<\/div>\n\t\t<div class=\"elementor-element elementor-element-7ad897b e-con-full e-flex e-con e-parent\" data-id=\"7ad897b\" data-element_type=\"container\" data-e-type=\"container\" data-settings=\"{&quot;background_background&quot;:&quot;classic&quot;}\">\n\t\t<div class=\"elementor-element elementor-element-0f31e03 e-flex e-con-boxed e-con e-child\" data-id=\"0f31e03\" data-element_type=\"container\" data-e-type=\"container\">\n\t\t\t\t\t<div class=\"e-con-inner\">\n\t\t\t\t<div class=\"elementor-element elementor-element-1f3e3ed elementor-widget elementor-widget-heading\" data-id=\"1f3e3ed\" data-element_type=\"widget\" data-e-type=\"widget\" data-widget_type=\"heading.default\">\n\t\t\t\t<div class=\"elementor-widget-container\">\n\t\t\t\t\t<h3 class=\"elementor-heading-title elementor-size-default\">\u00bfQu\u00e9 hacemos?<\/h3>\t\t\t\t<\/div>\n\t\t\t\t<\/div>\n\t\t\t\t<div class=\"elementor-element elementor-element-e8b9b3f elementor-widget__width-initial elementor-widget elementor-widget-text-editor\" data-id=\"e8b9b3f\" data-element_type=\"widget\" data-e-type=\"widget\" data-widget_type=\"text-editor.default\">\n\t\t\t\t<div class=\"elementor-widget-container\">\n\t\t\t\t\t\t\t\t\t<p>Dise\u00f1amos talleres personalizados para vosotrxs en los que podr\u00e9is adquirir herramientas pr\u00e1cticas para resolver vuestras necesidades.<\/p>\n<p>Nuestros talleres son Din\u00e1micos, Vivenciales y Participativos.<\/p>\n\t\t\t\t\t\t\t\t<\/div>\n\t\t\t\t<\/div>\n\t\t<div class=\"elementor-element elementor-element-5d53e15 e-flex e-con-boxed e-con e-child\" data-id=\"5d53e15\" data-element_type=\"container\" data-e-type=\"container\" data-settings=\"{&quot;background_background&quot;:&quot;classic&quot;}\">\n\t\t\t\t\t<div class=\"e-con-inner\">\n\t\t<div class=\"elementor-element elementor-element-8245e6a e-con-full e-flex e-con e-child\" data-id=\"8245e6a\" data-element_type=\"container\" data-e-type=\"container\" data-settings=\"{&quot;background_background&quot;:&quot;classic&quot;}\">\n\t\t\t\t<div class=\"elementor-element elementor-element-91583dd elementor-widget elementor-widget-image\" data-id=\"91583dd\" data-element_type=\"widget\" data-e-type=\"widget\" data-widget_type=\"image.default\">\n\t\t\t\t<div class=\"elementor-widget-container\">\n\t\t\t\t\t\t\t\t\t\t\t\t\t\t\t\t<a href=\"https:\/\/www.fildeariane.com\/tallers-per-a-infants-i-adolescents\/\">\n\t\t\t\t\t\t\t<img fetchpriority=\"high\" decoding=\"async\" width=\"1920\" height=\"1080\" src=\"https:\/\/www.fildeariane.com\/wp-content\/uploads\/2024\/10\/logo-requadre-taller-infants-.jpg\" class=\"attachment-full size-full wp-image-2368\" alt=\"logo taller infants\" srcset=\"https:\/\/www.fildeariane.com\/wp-content\/uploads\/2024\/10\/logo-requadre-taller-infants-.jpg 1920w, https:\/\/www.fildeariane.com\/wp-content\/uploads\/2024\/10\/logo-requadre-taller-infants--300x169.jpg 300w, https:\/\/www.fildeariane.com\/wp-content\/uploads\/2024\/10\/logo-requadre-taller-infants--1024x576.jpg 1024w, https:\/\/www.fildeariane.com\/wp-content\/uploads\/2024\/10\/logo-requadre-taller-infants--768x432.jpg 768w, https:\/\/www.fildeariane.com\/wp-content\/uploads\/2024\/10\/logo-requadre-taller-infants--1536x864.jpg 1536w\" sizes=\"(max-width: 1920px) 100vw, 1920px\" \/>\t\t\t\t\t\t\t\t<\/a>\n\t\t\t\t\t\t\t\t\t\t\t\t\t\t\t<\/div>\n\t\t\t\t<\/div>\n\t\t\t\t<div class=\"elementor-element elementor-element-bbfd9f5 elementor-widget elementor-widget-heading\" data-id=\"bbfd9f5\" data-element_type=\"widget\" data-e-type=\"widget\" data-widget_type=\"heading.default\">\n\t\t\t\t<div class=\"elementor-widget-container\">\n\t\t\t\t\t<h3 class=\"elementor-heading-title elementor-size-default\"><a href=\"https:\/\/www.fildeariane.com\/es\/talleres-para-ninos-y-adolescentes\/\">Talleres para ni\u00f1xs y adolescentes<\/a><\/h3>\t\t\t\t<\/div>\n\t\t\t\t<\/div>\n\t\t\t\t<\/div>\n\t\t<div class=\"elementor-element elementor-element-1b92975 e-con-full e-flex e-con e-child\" data-id=\"1b92975\" data-element_type=\"container\" data-e-type=\"container\" data-settings=\"{&quot;background_background&quot;:&quot;classic&quot;}\">\n\t\t\t\t<div class=\"elementor-element elementor-element-2f0894d elementor-widget elementor-widget-image\" data-id=\"2f0894d\" data-element_type=\"widget\" data-e-type=\"widget\" data-widget_type=\"image.default\">\n\t\t\t\t<div class=\"elementor-widget-container\">\n\t\t\t\t\t\t\t\t\t\t\t\t\t\t\t\t<a href=\"https:\/\/www.fildeariane.com\/tallers-per-a-families\/\">\n\t\t\t\t\t\t\t<img decoding=\"async\" width=\"1920\" height=\"1080\" src=\"https:\/\/www.fildeariane.com\/wp-content\/uploads\/2024\/10\/tallers-families.jpg\" class=\"attachment-full size-full wp-image-2786\" alt=\"taller families\" srcset=\"https:\/\/www.fildeariane.com\/wp-content\/uploads\/2024\/10\/tallers-families.jpg 1920w, https:\/\/www.fildeariane.com\/wp-content\/uploads\/2024\/10\/tallers-families-300x169.jpg 300w, https:\/\/www.fildeariane.com\/wp-content\/uploads\/2024\/10\/tallers-families-1024x576.jpg 1024w, https:\/\/www.fildeariane.com\/wp-content\/uploads\/2024\/10\/tallers-families-768x432.jpg 768w, https:\/\/www.fildeariane.com\/wp-content\/uploads\/2024\/10\/tallers-families-1536x864.jpg 1536w\" sizes=\"(max-width: 1920px) 100vw, 1920px\" \/>\t\t\t\t\t\t\t\t<\/a>\n\t\t\t\t\t\t\t\t\t\t\t\t\t\t\t<\/div>\n\t\t\t\t<\/div>\n\t\t\t\t<div class=\"elementor-element elementor-element-fb8a679 elementor-widget elementor-widget-heading\" data-id=\"fb8a679\" data-element_type=\"widget\" data-e-type=\"widget\" data-widget_type=\"heading.default\">\n\t\t\t\t<div class=\"elementor-widget-container\">\n\t\t\t\t\t<h3 class=\"elementor-heading-title elementor-size-default\"><a href=\"https:\/\/www.fildeariane.com\/es\/talleres-para-familias\/\">Talleres para familias<\/a><\/h3>\t\t\t\t<\/div>\n\t\t\t\t<\/div>\n\t\t\t\t<\/div>\n\t\t<div class=\"elementor-element elementor-element-69b4368 e-con-full e-flex e-con e-child\" data-id=\"69b4368\" data-element_type=\"container\" data-e-type=\"container\" data-settings=\"{&quot;background_background&quot;:&quot;classic&quot;}\">\n\t\t\t\t<div class=\"elementor-element elementor-element-9ddbb09 elementor-widget elementor-widget-image\" data-id=\"9ddbb09\" data-element_type=\"widget\" data-e-type=\"widget\" data-widget_type=\"image.default\">\n\t\t\t\t<div class=\"elementor-widget-container\">\n\t\t\t\t\t\t\t\t\t\t\t\t\t\t\t\t<a href=\"https:\/\/www.fildeariane.com\/formacions-per-a-equips-educatius\/\">\n\t\t\t\t\t\t\t<img decoding=\"async\" width=\"1920\" height=\"1080\" src=\"https:\/\/www.fildeariane.com\/wp-content\/uploads\/2024\/10\/logo-requadre-formacions-equip.jpg\" class=\"attachment-full size-full wp-image-2372\" alt=\"logo formacions equip\" srcset=\"https:\/\/www.fildeariane.com\/wp-content\/uploads\/2024\/10\/logo-requadre-formacions-equip.jpg 1920w, https:\/\/www.fildeariane.com\/wp-content\/uploads\/2024\/10\/logo-requadre-formacions-equip-300x169.jpg 300w, https:\/\/www.fildeariane.com\/wp-content\/uploads\/2024\/10\/logo-requadre-formacions-equip-1024x576.jpg 1024w, https:\/\/www.fildeariane.com\/wp-content\/uploads\/2024\/10\/logo-requadre-formacions-equip-768x432.jpg 768w, https:\/\/www.fildeariane.com\/wp-content\/uploads\/2024\/10\/logo-requadre-formacions-equip-1536x864.jpg 1536w\" sizes=\"(max-width: 1920px) 100vw, 1920px\" \/>\t\t\t\t\t\t\t\t<\/a>\n\t\t\t\t\t\t\t\t\t\t\t\t\t\t\t<\/div>\n\t\t\t\t<\/div>\n\t\t\t\t<div class=\"elementor-element elementor-element-4eea797 elementor-widget elementor-widget-heading\" data-id=\"4eea797\" data-element_type=\"widget\" data-e-type=\"widget\" data-widget_type=\"heading.default\">\n\t\t\t\t<div class=\"elementor-widget-container\">\n\t\t\t\t\t<h3 class=\"elementor-heading-title elementor-size-default\"><a href=\"https:\/\/www.fildeariane.com\/es\/formaciones-para-equipos-educativos\/\">Formaciones a equipos educativos<\/a><\/h3>\t\t\t\t<\/div>\n\t\t\t\t<\/div>\n\t\t\t\t<\/div>\n\t\t<div class=\"elementor-element elementor-element-d90c021 e-con-full e-flex e-con e-child\" data-id=\"d90c021\" data-element_type=\"container\" data-e-type=\"container\" data-settings=\"{&quot;background_background&quot;:&quot;classic&quot;}\">\n\t\t\t\t<div class=\"elementor-element elementor-element-e50abee elementor-widget elementor-widget-image\" data-id=\"e50abee\" data-element_type=\"widget\" data-e-type=\"widget\" data-widget_type=\"image.default\">\n\t\t\t\t<div class=\"elementor-widget-container\">\n\t\t\t\t\t\t\t\t\t\t\t\t\t\t\t\t<a href=\"https:\/\/www.fildeariane.com\/assessorament-individualitzat-per-a-families\/\">\n\t\t\t\t\t\t\t<img loading=\"lazy\" decoding=\"async\" width=\"1920\" height=\"1080\" src=\"https:\/\/www.fildeariane.com\/wp-content\/uploads\/2024\/10\/logo-assessorament-families.jpg\" class=\"attachment-full size-full wp-image-2374\" alt=\"logo assessorament families\" srcset=\"https:\/\/www.fildeariane.com\/wp-content\/uploads\/2024\/10\/logo-assessorament-families.jpg 1920w, https:\/\/www.fildeariane.com\/wp-content\/uploads\/2024\/10\/logo-assessorament-families-300x169.jpg 300w, https:\/\/www.fildeariane.com\/wp-content\/uploads\/2024\/10\/logo-assessorament-families-1024x576.jpg 1024w, https:\/\/www.fildeariane.com\/wp-content\/uploads\/2024\/10\/logo-assessorament-families-768x432.jpg 768w, https:\/\/www.fildeariane.com\/wp-content\/uploads\/2024\/10\/logo-assessorament-families-1536x864.jpg 1536w\" sizes=\"(max-width: 1920px) 100vw, 1920px\" \/>\t\t\t\t\t\t\t\t<\/a>\n\t\t\t\t\t\t\t\t\t\t\t\t\t\t\t<\/div>\n\t\t\t\t<\/div>\n\t\t\t\t<div class=\"elementor-element elementor-element-dbd7abc elementor-widget elementor-widget-heading\" data-id=\"dbd7abc\" data-element_type=\"widget\" data-e-type=\"widget\" data-widget_type=\"heading.default\">\n\t\t\t\t<div class=\"elementor-widget-container\">\n\t\t\t\t\t<h3 class=\"elementor-heading-title elementor-size-default\"><a href=\"https:\/\/www.fildeariane.com\/es\/asesoramiento-individualizado-para-familias\/\">Asesoramiento individualizado a fam\u00edlias<\/a><\/h3>\t\t\t\t<\/div>\n\t\t\t\t<\/div>\n\t\t\t\t<\/div>\n\t\t<div class=\"elementor-element elementor-element-58a9a4c e-con-full e-flex e-con e-child\" data-id=\"58a9a4c\" data-element_type=\"container\" data-e-type=\"container\" data-settings=\"{&quot;background_background&quot;:&quot;classic&quot;}\">\n\t\t\t\t<div class=\"elementor-element elementor-element-0f25371 elementor-widget elementor-widget-image\" data-id=\"0f25371\" data-element_type=\"widget\" data-e-type=\"widget\" data-widget_type=\"image.default\">\n\t\t\t\t<div class=\"elementor-widget-container\">\n\t\t\t\t\t\t\t\t\t\t\t\t\t\t\t\t<a href=\"https:\/\/www.fildeariane.com\/suport-a-la-diversitat-daprenentatge\/\">\n\t\t\t\t\t\t\t<img loading=\"lazy\" decoding=\"async\" width=\"1920\" height=\"1080\" src=\"https:\/\/www.fildeariane.com\/wp-content\/uploads\/2024\/10\/logo-requadre-suport-aprenentatge.jpg\" class=\"attachment-full size-full wp-image-2370\" alt=\"logo suport aprenentatge\" srcset=\"https:\/\/www.fildeariane.com\/wp-content\/uploads\/2024\/10\/logo-requadre-suport-aprenentatge.jpg 1920w, https:\/\/www.fildeariane.com\/wp-content\/uploads\/2024\/10\/logo-requadre-suport-aprenentatge-300x169.jpg 300w, https:\/\/www.fildeariane.com\/wp-content\/uploads\/2024\/10\/logo-requadre-suport-aprenentatge-1024x576.jpg 1024w, https:\/\/www.fildeariane.com\/wp-content\/uploads\/2024\/10\/logo-requadre-suport-aprenentatge-768x432.jpg 768w, https:\/\/www.fildeariane.com\/wp-content\/uploads\/2024\/10\/logo-requadre-suport-aprenentatge-1536x864.jpg 1536w\" sizes=\"(max-width: 1920px) 100vw, 1920px\" \/>\t\t\t\t\t\t\t\t<\/a>\n\t\t\t\t\t\t\t\t\t\t\t\t\t\t\t<\/div>\n\t\t\t\t<\/div>\n\t\t\t\t<div class=\"elementor-element elementor-element-91b6cd8 elementor-widget elementor-widget-heading\" data-id=\"91b6cd8\" data-element_type=\"widget\" data-e-type=\"widget\" data-widget_type=\"heading.default\">\n\t\t\t\t<div class=\"elementor-widget-container\">\n\t\t\t\t\t<h3 class=\"elementor-heading-title elementor-size-default\"><a href=\"https:\/\/www.fildeariane.com\/es\/apoyo-a-la-diversidad-de-aprendizaje\/\">Apoyo a la diversidad de aprendizaje (ni\u00f1xs, adolescentes y +65)<\/a><\/h3>\t\t\t\t<\/div>\n\t\t\t\t<\/div>\n\t\t\t\t<\/div>\n\t\t\t\t\t<\/div>\n\t\t\t\t<\/div>\n\t\t\t\t\t<\/div>\n\t\t\t\t<\/div>\n\t\t\t\t<\/div>\n\t\t\t\t<\/div>\n\t\t","protected":false},"excerpt":{"rendered":"<p>Educaci\u00f3n y herramientas para transformar el mundo Fil d\u2019Ariane somos una cooperativa social y solidaria formada por diferentes especialistas del mundo de la educaci\u00f3n y la psicolog\u00eda con m\u00e1s de 20 a\u00f1os de experiencia. Acompa\u00f1amos a familias, ni\u00f1xs y equipos educativos. saber m\u00e1s \u00bfQu\u00e9 hacemos? Dise\u00f1amos talleres personalizados para vosotrxs en los que podr\u00e9is adquirir [&hellip;]<\/p>\n","protected":false},"author":3,"featured_media":0,"parent":0,"menu_order":1,"comment_status":"closed","ping_status":"closed","template":"","meta":{"footnotes":""},"class_list":["post-1082","page","type-page","status-publish","hentry"],"_links":{"self":[{"href":"https:\/\/www.fildeariane.com\/es\/wp-json\/wp\/v2\/pages\/1082","targetHints":{"allow":["GET"]}}],"collection":[{"href":"https:\/\/www.fildeariane.com\/es\/wp-json\/wp\/v2\/pages"}],"about":[{"href":"https:\/\/www.fildeariane.com\/es\/wp-json\/wp\/v2\/types\/page"}],"author":[{"embeddable":true,"href":"https:\/\/www.fildeariane.com\/es\/wp-json\/wp\/v2\/users\/3"}],"replies":[{"embeddable":true,"href":"https:\/\/www.fildeariane.com\/es\/wp-json\/wp\/v2\/comments?post=1082"}],"version-history":[{"count":0,"href":"https:\/\/www.fildeariane.com\/es\/wp-json\/wp\/v2\/pages\/1082\/revisions"}],"wp:attachment":[{"href":"https:\/\/www.fildeariane.com\/es\/wp-json\/wp\/v2\/media?parent=1082"}],"curies":[{"name":"wp","href":"https:\/\/api.w.org\/{rel}","templated":true}]}}